{"id":82,"date":"2022-01-10T15:28:13","date_gmt":"2022-01-10T19:28:13","guid":{"rendered":"https:\/\/doc.epassages.ca\/?page_id=82"},"modified":"2022-09-27T13:05:29","modified_gmt":"2022-09-27T18:05:29","slug":"3-4-voir-les-reponses-sous-forme-de-texte","status":"publish","type":"page","link":"https:\/\/doc.epassages.ca\/index.php\/3-4-voir-les-reponses-sous-forme-de-texte\/","title":{"rendered":"3.4 Voir les r\u00e9ponses sous forme de texte"},"content":{"rendered":"\n<!-- iframe plugin v.6.0 wordpress.org\/plugins\/iframe\/ -->\n<iframe loading=\"lazy\" src=\"https:\/\/uqam.ca.panopto.com\/Panopto\/Pages\/Embed.aspx?id=13961195-7a2d-448e-bb11-aeb400fec8e4&#038;autoplay=false&#038;offerviewer=true&#038;showtitle=false&#038;showbrand=false&#038;captions=false&#038;interactivity=all\" height=\"405\" width=\"720\" style=\"border: 1px solid #464646;\" allowfullscreen scrolling=\"yes\" class=\"iframe-class\" frameborder=\"0\"><\/iframe>\n\n\n\n\n<p class=\"has-text-align-center\">L&rsquo;autre chose qui est possible aussi, c&rsquo;est de revoir ces r\u00e9ponses sous forme de texte. On voit nos r\u00e9ponses qui apparaissent dans un casier de texte. Donc \u00e7a permet par exemple de les copier coller si on veut travailler dans Word, des choses comme \u00e7a. C&rsquo;est possible de venir faire un copier coller ici, de notre texte.<\/p>\n","protected":false},"excerpt":{"rendered":"<p>L&rsquo;autre chose qui est possible aussi, c&rsquo;est de revoir ces r\u00e9ponses sous forme de texte. On voit nos r\u00e9ponses qui apparaissent dans un casier de&#8230;<\/p>\n<div class=\"more-link-wrapper\"><a class=\"more-link\" href=\"https:\/\/doc.epassages.ca\/index.php\/3-4-voir-les-reponses-sous-forme-de-texte\/\">Continue reading<span class=\"screen-reader-text\">3.4 Voir les r\u00e9ponses sous forme de texte<\/span><\/a><\/div>\n","protected":false},"author":1,"featured_media":0,"parent":0,"menu_order":0,"comment_status":"closed","ping_status":"closed","template":"","meta":{"footnotes":""},"class_list":["post-82","page","type-page","status-publish","hentry","entry"],"_links":{"self":[{"href":"https:\/\/doc.epassages.ca\/index.php\/wp-json\/wp\/v2\/pages\/82","targetHints":{"allow":["GET"]}}],"collection":[{"href":"https:\/\/doc.epassages.ca\/index.php\/wp-json\/wp\/v2\/pages"}],"about":[{"href":"https:\/\/doc.epassages.ca\/index.php\/wp-json\/wp\/v2\/types\/page"}],"author":[{"embeddable":true,"href":"https:\/\/doc.epassages.ca\/index.php\/wp-json\/wp\/v2\/users\/1"}],"replies":[{"embeddable":true,"href":"https:\/\/doc.epassages.ca\/index.php\/wp-json\/wp\/v2\/comments?post=82"}],"version-history":[{"count":5,"href":"https:\/\/doc.epassages.ca\/index.php\/wp-json\/wp\/v2\/pages\/82\/revisions"}],"predecessor-version":[{"id":724,"href":"https:\/\/doc.epassages.ca\/index.php\/wp-json\/wp\/v2\/pages\/82\/revisions\/724"}],"wp:attachment":[{"href":"https:\/\/doc.epassages.ca\/index.php\/wp-json\/wp\/v2\/media?parent=82"}],"curies":[{"name":"wp","href":"https:\/\/api.w.org\/{rel}","templated":true}]}}