{"id":78,"date":"2022-01-10T15:27:18","date_gmt":"2022-01-10T19:27:18","guid":{"rendered":"https:\/\/doc.epassages.ca\/?page_id=78"},"modified":"2023-01-25T15:19:32","modified_gmt":"2023-01-25T20:19:32","slug":"3-3-revenir-au-questionnaire","status":"publish","type":"page","link":"https:\/\/doc.epassages.ca\/index.php\/3-3-revenir-au-questionnaire\/","title":{"rendered":"3.3 Revenir au questionnaire"},"content":{"rendered":"\n<!-- iframe plugin v.6.0 wordpress.org\/plugins\/iframe\/ -->\n<iframe loading=\"lazy\" src=\"https:\/\/uqam.ca.panopto.com\/Panopto\/Pages\/Embed.aspx?id=cdab70ce-756d-46a6-bce4-aeb400febf41&#038;autoplay=false&#038;offerviewer=true&#038;showtitle=false&#038;showbrand=false&#038;captions=false&#038;interactivity=all\" height=\"405\" width=\"720\" style=\"border: 1px solid #464646;\" allowfullscreen scrolling=\"yes\" class=\"iframe-class\" frameborder=\"0\"><\/iframe>\n\n\n\n\n<p class=\"has-text-align-center\">Une fois que le questionnaire a \u00e9t\u00e9 transf\u00e9r\u00e9 dans la r\u00e9alisation, il n&rsquo;est plus possible de le retransf\u00e9rer \u00e0 nouveau parce que \u00e7a viendrait tout d\u00e9truire, mais par contre, il est possible de revoir le questionnaire.<\/p>\n\n\n\n<p>Pour l&rsquo;imprimer, masquer le menu de gauche au pr\u00e9alable.<\/p>\n","protected":false},"excerpt":{"rendered":"<p>Une fois que le questionnaire a \u00e9t\u00e9 transf\u00e9r\u00e9 dans la r\u00e9alisation, il n&rsquo;est plus possible de le retransf\u00e9rer \u00e0 nouveau parce que \u00e7a viendrait tout&#8230;<\/p>\n<div class=\"more-link-wrapper\"><a class=\"more-link\" href=\"https:\/\/doc.epassages.ca\/index.php\/3-3-revenir-au-questionnaire\/\">Continue reading<span class=\"screen-reader-text\">3.3 Revenir au questionnaire<\/span><\/a><\/div>\n","protected":false},"author":1,"featured_media":0,"parent":0,"menu_order":0,"comment_status":"closed","ping_status":"closed","template":"","meta":{"footnotes":""},"class_list":["post-78","page","type-page","status-publish","hentry","entry"],"_links":{"self":[{"href":"https:\/\/doc.epassages.ca\/index.php\/wp-json\/wp\/v2\/pages\/78","targetHints":{"allow":["GET"]}}],"collection":[{"href":"https:\/\/doc.epassages.ca\/index.php\/wp-json\/wp\/v2\/pages"}],"about":[{"href":"https:\/\/doc.epassages.ca\/index.php\/wp-json\/wp\/v2\/types\/page"}],"author":[{"embeddable":true,"href":"https:\/\/doc.epassages.ca\/index.php\/wp-json\/wp\/v2\/users\/1"}],"replies":[{"embeddable":true,"href":"https:\/\/doc.epassages.ca\/index.php\/wp-json\/wp\/v2\/comments?post=78"}],"version-history":[{"count":5,"href":"https:\/\/doc.epassages.ca\/index.php\/wp-json\/wp\/v2\/pages\/78\/revisions"}],"predecessor-version":[{"id":752,"href":"https:\/\/doc.epassages.ca\/index.php\/wp-json\/wp\/v2\/pages\/78\/revisions\/752"}],"wp:attachment":[{"href":"https:\/\/doc.epassages.ca\/index.php\/wp-json\/wp\/v2\/media?parent=78"}],"curies":[{"name":"wp","href":"https:\/\/api.w.org\/{rel}","templated":true}]}}