{"id":696,"date":"2022-09-27T07:45:21","date_gmt":"2022-09-27T12:45:21","guid":{"rendered":"https:\/\/doc.epassages.ca\/?page_id=696"},"modified":"2023-09-16T07:09:53","modified_gmt":"2023-09-16T12:09:53","slug":"2-0-configuration-requise","status":"publish","type":"page","link":"https:\/\/doc.epassages.ca\/index.php\/2-0-configuration-requise\/","title":{"rendered":"2.0 Configuration requise"},"content":{"rendered":"\n<p><em>Passages<\/em> est compatible avec les syst\u00e8mes d&rsquo;exploitation les plus courants (<em>GNU-Linux<\/em>, <em>MacOS<\/em>, <em>UNIX<\/em> et <em>Windows<\/em>) de m\u00eame qu&rsquo;avec les familles de navigateurs les plus courantes :<\/p>\n\n\n\n<ul class=\"wp-block-list\">\n<li><a rel=\"noreferrer noopener\" href=\"https:\/\/www.google.com\/intl\/fr\/chrome\/\" target=\"_blank\"><em>Chrome<\/em><\/a> (ainsi que <a rel=\"noreferrer noopener\" href=\"https:\/\/www.microsoft.com\/fr-fr\/edge\" target=\"_blank\"><em>Microsoft Edge<\/em><\/a>, <a rel=\"noreferrer noopener\" href=\"https:\/\/www.opera.com\/fr\" target=\"_blank\"><em>Opera<\/em><\/a> et <a rel=\"noreferrer noopener\" href=\"https:\/\/vivaldi.com\/fr\/\" target=\"_blank\"><em>Vivaldi<\/em><\/a>) <\/li>\n\n\n\n<li><em><a rel=\"noreferrer noopener\" href=\"https:\/\/www.apple.com\/ca\/fr\/safari\/\" target=\"_blank\">Safari<\/a><\/em> (ainsi que <a rel=\"noreferrer noopener\" href=\"https:\/\/wiki.gnome.org\/Apps\/Web\" target=\"_blank\"><em>GNOME Web<\/em><\/a> et <a rel=\"noreferrer noopener\" href=\"https:\/\/apps.kde.org\/fr\/konqueror\/\" target=\"_blank\"><em>Konqueror<\/em><\/a>)<\/li>\n\n\n\n<li><em><a rel=\"noreferrer noopener\" href=\"https:\/\/www.mozilla.org\/fr\/firefox\/products\/\" target=\"_blank\">Firefox<\/a><\/em><\/li>\n<\/ul>\n\n\n\n<p>Peu importe votre plateforme ou votre navigateur de pr\u00e9f\u00e9rence,<\/p>\n\n\n\n<p class=\"has-text-align-center\"><strong>le plus important est de maintenir \u00e0 jour votre navigateur<\/strong><\/p>\n\n\n\n<p>pour plus de s\u00e9curit\u00e9, de stabilit\u00e9, d&rsquo;efficience et de fonctionnalit\u00e9s !<\/p>\n","protected":false},"excerpt":{"rendered":"<p>Passages est compatible avec les syst\u00e8mes d&rsquo;exploitation les plus courants (GNU-Linux, MacOS, UNIX et Windows) de m\u00eame qu&rsquo;avec les familles de navigateurs les plus courantes&#8230;<\/p>\n<div class=\"more-link-wrapper\"><a class=\"more-link\" href=\"https:\/\/doc.epassages.ca\/index.php\/2-0-configuration-requise\/\">Continue reading<span class=\"screen-reader-text\">2.0 Configuration requise<\/span><\/a><\/div>\n","protected":false},"author":1,"featured_media":0,"parent":0,"menu_order":0,"comment_status":"closed","ping_status":"closed","template":"","meta":{"footnotes":""},"class_list":["post-696","page","type-page","status-publish","hentry","entry"],"_links":{"self":[{"href":"https:\/\/doc.epassages.ca\/index.php\/wp-json\/wp\/v2\/pages\/696","targetHints":{"allow":["GET"]}}],"collection":[{"href":"https:\/\/doc.epassages.ca\/index.php\/wp-json\/wp\/v2\/pages"}],"about":[{"href":"https:\/\/doc.epassages.ca\/index.php\/wp-json\/wp\/v2\/types\/page"}],"author":[{"embeddable":true,"href":"https:\/\/doc.epassages.ca\/index.php\/wp-json\/wp\/v2\/users\/1"}],"replies":[{"embeddable":true,"href":"https:\/\/doc.epassages.ca\/index.php\/wp-json\/wp\/v2\/comments?post=696"}],"version-history":[{"count":12,"href":"https:\/\/doc.epassages.ca\/index.php\/wp-json\/wp\/v2\/pages\/696\/revisions"}],"predecessor-version":[{"id":769,"href":"https:\/\/doc.epassages.ca\/index.php\/wp-json\/wp\/v2\/pages\/696\/revisions\/769"}],"wp:attachment":[{"href":"https:\/\/doc.epassages.ca\/index.php\/wp-json\/wp\/v2\/media?parent=696"}],"curies":[{"name":"wp","href":"https:\/\/api.w.org\/{rel}","templated":true}]}}