{"id":64,"date":"2021-10-23T11:53:38","date_gmt":"2021-10-23T15:53:38","guid":{"rendered":"http:\/\/doc.epassages.ca\/?page_id=64"},"modified":"2022-09-27T13:01:11","modified_gmt":"2022-09-27T18:01:11","slug":"3-1-le-questionnaire","status":"publish","type":"page","link":"https:\/\/doc.epassages.ca\/index.php\/3-1-le-questionnaire\/","title":{"rendered":"3.1  Le questionnaire"},"content":{"rendered":"\n<!-- iframe plugin v.6.0 wordpress.org\/plugins\/iframe\/ -->\n<iframe loading=\"lazy\" src=\"https:\/\/uqam.ca.panopto.com\/Panopto\/Pages\/Embed.aspx?id=74431911-557c-47b9-9363-aeb400fea797&#038;autoplay=false&#038;offerviewer=true&#038;showtitle=false&#038;showbrand=false&#038;captions=false&#038;interactivity=all\" height=\"405\" width=\"720\" style=\"border: 1px solid #464646;\" allowfullscreen scrolling=\"yes\" class=\"iframe-class\" frameborder=\"0\"><\/iframe>\n\n\n\n\n<p class=\"has-text-align-center\">Je vais arriver dans le questionnaire qui va m&rsquo;accompagner \u00e0 me faire une base de la premi\u00e8re r\u00e9alisation. Qu&rsquo;est ce qui est important de faire et de ne pas faire ?<\/p>\n\n\n\n<p class=\"has-text-align-center\"><br>Premi\u00e8rement, c&rsquo;est important de r\u00e9pondre de fa\u00e7on tr\u00e8s directe \u00e0 la question qui est pos\u00e9e. Ce n&rsquo;est pas le moment de commencer \u00e0 \u00e9laborer et \u00e0 donner des d\u00e9tails. Ici on veut un style pratiquement t\u00e9l\u00e9graphique. Par exemple \u00e0 la question \u00ab\u00a0pour quelles raisons croyez vous que cette r\u00e9alisation a sa place dans votre portfolio ?\u00a0\u00bb, il faut r\u00e9pondre \u00e0 la question pourquoi je choisis cette r\u00e9alisation l\u00e0 dans mon portfolio. J&rsquo;ai le choix entre 4 ou 6 maximum. Donc, si cette exp\u00e9rience-l\u00e0 y a sa place, il doit s\u00fbrement y avoir une raison. Ensuite c&rsquo;est la m\u00eame chose pour les autres questions. En quelle ann\u00e9e ? Pour qui ? Depuis combien de temps\u00a0? Nous sommes en 2012 et je travaille depuis trois mois chez IGA.<br><\/p>\n\n\n\n<p class=\"has-text-align-center\">C&rsquo;est quoi la diff\u00e9rence entre le d\u00e9fi et la contrainte ? \u00c7a, c&rsquo;est une distinction qui est tr\u00e8s importante \u00e0 comprendre d\u00e8s le d\u00e9part. Le d\u00e9fi est li\u00e9 \u00e0 la t\u00e2che en elle-m\u00eame. La contrainte est li\u00e9e au contexte : manque de temps, \u00e9quipement d\u00e9faillant, coll\u00e8gue stress\u00e9, etc.<br><\/p>\n\n\n\n<p class=\"has-text-align-center\">Je vais enregistrer mes r\u00e9ponses pour plus tard. Je pourrais toujours y revenir en temps et lieu. Quand je serai pr\u00eat \u00e0 terminer, \u00e0 terminer mes r\u00e9ponses.<\/p>\n","protected":false},"excerpt":{"rendered":"<p>Je vais arriver dans le questionnaire qui va m&rsquo;accompagner \u00e0 me faire une base de la premi\u00e8re r\u00e9alisation. Qu&rsquo;est ce qui est important de faire&#8230;<\/p>\n<div class=\"more-link-wrapper\"><a class=\"more-link\" href=\"https:\/\/doc.epassages.ca\/index.php\/3-1-le-questionnaire\/\">Continue reading<span class=\"screen-reader-text\">3.1  Le questionnaire<\/span><\/a><\/div>\n","protected":false},"author":1,"featured_media":0,"parent":0,"menu_order":0,"comment_status":"closed","ping_status":"closed","template":"","meta":{"footnotes":""},"class_list":["post-64","page","type-page","status-publish","hentry","entry"],"_links":{"self":[{"href":"https:\/\/doc.epassages.ca\/index.php\/wp-json\/wp\/v2\/pages\/64","targetHints":{"allow":["GET"]}}],"collection":[{"href":"https:\/\/doc.epassages.ca\/index.php\/wp-json\/wp\/v2\/pages"}],"about":[{"href":"https:\/\/doc.epassages.ca\/index.php\/wp-json\/wp\/v2\/types\/page"}],"author":[{"embeddable":true,"href":"https:\/\/doc.epassages.ca\/index.php\/wp-json\/wp\/v2\/users\/1"}],"replies":[{"embeddable":true,"href":"https:\/\/doc.epassages.ca\/index.php\/wp-json\/wp\/v2\/comments?post=64"}],"version-history":[{"count":7,"href":"https:\/\/doc.epassages.ca\/index.php\/wp-json\/wp\/v2\/pages\/64\/revisions"}],"predecessor-version":[{"id":720,"href":"https:\/\/doc.epassages.ca\/index.php\/wp-json\/wp\/v2\/pages\/64\/revisions\/720"}],"wp:attachment":[{"href":"https:\/\/doc.epassages.ca\/index.php\/wp-json\/wp\/v2\/media?parent=64"}],"curies":[{"name":"wp","href":"https:\/\/api.w.org\/{rel}","templated":true}]}}