{"id":60,"date":"2021-10-23T11:52:54","date_gmt":"2021-10-23T15:52:54","guid":{"rendered":"http:\/\/doc.epassages.ca\/?page_id=60"},"modified":"2022-09-23T10:09:49","modified_gmt":"2022-09-23T15:09:49","slug":"2-5-creer-une-premiere-realisation","status":"publish","type":"page","link":"https:\/\/doc.epassages.ca\/index.php\/2-5-creer-une-premiere-realisation\/","title":{"rendered":"2.5  Ajouter une premi\u00e8re r\u00e9alisation"},"content":{"rendered":"\n<p class=\"has-text-align-center\"><\/p>\n\n\n\n<!-- iframe plugin v.6.0 wordpress.org\/plugins\/iframe\/ -->\n<iframe loading=\"lazy\" src=\"https:\/\/uqam.ca.panopto.com\/Panopto\/Pages\/Embed.aspx?id=5c4882ba-adb8-4158-aeba-aeb400fe9bc5&#038;autoplay=false&#038;offerviewer=true&#038;showtitle=false&#038;showbrand=false&#038;captions=false&#038;interactivity=all\" height=\"405\" width=\"720\" style=\"border: 1px solid #464646;\" allowfullscreen scrolling=\"yes\" class=\"iframe-class\" frameborder=\"0\"><\/iframe>\n\n\n\n\n<p class=\"has-text-align-center\"><em>Lors de l&rsquo;ajout d&rsquo;une r\u00e9alisation, vous devez d&rsquo;abord remplir un questionnaire qui vous accompagne \u00e0 cibler les \u00e9l\u00e9ments et les moments cl\u00e9s de votre r\u00e9alisation.<\/em><\/p>\n\n\n<div class=\"wp-block-image\">\n<figure class=\"aligncenter size-large\"><img loading=\"lazy\" decoding=\"async\" width=\"1024\" height=\"555\" src=\"https:\/\/doc.epassages.ca\/wp-content\/uploads\/2022\/07\/image-7-1024x555.png\" alt=\"\" class=\"wp-image-604\" srcset=\"https:\/\/doc.epassages.ca\/wp-content\/uploads\/2022\/07\/image-7-1024x555.png 1024w, https:\/\/doc.epassages.ca\/wp-content\/uploads\/2022\/07\/image-7-300x163.png 300w, https:\/\/doc.epassages.ca\/wp-content\/uploads\/2022\/07\/image-7-768x417.png 768w, https:\/\/doc.epassages.ca\/wp-content\/uploads\/2022\/07\/image-7-1536x833.png 1536w, https:\/\/doc.epassages.ca\/wp-content\/uploads\/2022\/07\/image-7-2048x1111.png 2048w\" sizes=\"auto, (max-width: 1024px) 100vw, 1024px\" \/><\/figure>\n<\/div>\n\n<div class=\"wp-block-image\">\n<figure class=\"aligncenter size-large\"><img loading=\"lazy\" decoding=\"async\" width=\"1024\" height=\"556\" src=\"https:\/\/doc.epassages.ca\/wp-content\/uploads\/2022\/07\/image-9-1024x556.png\" alt=\"\" class=\"wp-image-606\" srcset=\"https:\/\/doc.epassages.ca\/wp-content\/uploads\/2022\/07\/image-9-1024x556.png 1024w, https:\/\/doc.epassages.ca\/wp-content\/uploads\/2022\/07\/image-9-300x163.png 300w, https:\/\/doc.epassages.ca\/wp-content\/uploads\/2022\/07\/image-9-768x417.png 768w, https:\/\/doc.epassages.ca\/wp-content\/uploads\/2022\/07\/image-9-1536x834.png 1536w, https:\/\/doc.epassages.ca\/wp-content\/uploads\/2022\/07\/image-9-2048x1112.png 2048w\" sizes=\"auto, (max-width: 1024px) 100vw, 1024px\" \/><\/figure>\n<\/div>\n\n\n<p class=\"has-text-align-center\"><em>Vous pouvez enregistrer vos r\u00e9ponses pour le compl\u00e9ter plus tard.<\/em><br><em>Lorsque vous avez termin\u00e9, vous pouvez transf\u00e9rer vos r\u00e9ponses dans la r\u00e9alisation elle-m\u00eame.<\/em><\/p>\n\n\n<div class=\"wp-block-image\">\n<figure class=\"aligncenter size-large\"><img loading=\"lazy\" decoding=\"async\" width=\"1024\" height=\"255\" src=\"https:\/\/doc.epassages.ca\/wp-content\/uploads\/2022\/07\/image-10-1024x255.png\" alt=\"\" class=\"wp-image-607\" srcset=\"https:\/\/doc.epassages.ca\/wp-content\/uploads\/2022\/07\/image-10-1024x255.png 1024w, https:\/\/doc.epassages.ca\/wp-content\/uploads\/2022\/07\/image-10-300x75.png 300w, https:\/\/doc.epassages.ca\/wp-content\/uploads\/2022\/07\/image-10-768x191.png 768w, https:\/\/doc.epassages.ca\/wp-content\/uploads\/2022\/07\/image-10-1536x382.png 1536w, https:\/\/doc.epassages.ca\/wp-content\/uploads\/2022\/07\/image-10.png 1975w\" sizes=\"auto, (max-width: 1024px) 100vw, 1024px\" \/><\/figure>\n<\/div>\n\n\n<p class=\"has-text-align-center\"><\/p>\n","protected":false},"excerpt":{"rendered":"<p>Lors de l&rsquo;ajout d&rsquo;une r\u00e9alisation, vous devez d&rsquo;abord remplir un questionnaire qui vous accompagne \u00e0 cibler les \u00e9l\u00e9ments et les moments cl\u00e9s de votre r\u00e9alisation.&#8230;<\/p>\n<div class=\"more-link-wrapper\"><a class=\"more-link\" href=\"https:\/\/doc.epassages.ca\/index.php\/2-5-creer-une-premiere-realisation\/\">Continue reading<span class=\"screen-reader-text\">2.5  Ajouter une premi\u00e8re r\u00e9alisation<\/span><\/a><\/div>\n","protected":false},"author":1,"featured_media":0,"parent":0,"menu_order":0,"comment_status":"closed","ping_status":"closed","template":"","meta":{"footnotes":""},"class_list":["post-60","page","type-page","status-publish","hentry","entry"],"_links":{"self":[{"href":"https:\/\/doc.epassages.ca\/index.php\/wp-json\/wp\/v2\/pages\/60","targetHints":{"allow":["GET"]}}],"collection":[{"href":"https:\/\/doc.epassages.ca\/index.php\/wp-json\/wp\/v2\/pages"}],"about":[{"href":"https:\/\/doc.epassages.ca\/index.php\/wp-json\/wp\/v2\/types\/page"}],"author":[{"embeddable":true,"href":"https:\/\/doc.epassages.ca\/index.php\/wp-json\/wp\/v2\/users\/1"}],"replies":[{"embeddable":true,"href":"https:\/\/doc.epassages.ca\/index.php\/wp-json\/wp\/v2\/comments?post=60"}],"version-history":[{"count":9,"href":"https:\/\/doc.epassages.ca\/index.php\/wp-json\/wp\/v2\/pages\/60\/revisions"}],"predecessor-version":[{"id":694,"href":"https:\/\/doc.epassages.ca\/index.php\/wp-json\/wp\/v2\/pages\/60\/revisions\/694"}],"wp:attachment":[{"href":"https:\/\/doc.epassages.ca\/index.php\/wp-json\/wp\/v2\/media?parent=60"}],"curies":[{"name":"wp","href":"https:\/\/api.w.org\/{rel}","templated":true}]}}