{"id":56,"date":"2021-10-23T11:50:50","date_gmt":"2021-10-23T15:50:50","guid":{"rendered":"http:\/\/doc.epassages.ca\/?page_id=56"},"modified":"2022-09-23T10:03:30","modified_gmt":"2022-09-23T15:03:30","slug":"2-3-valider-son-profil-de-competences","status":"publish","type":"page","link":"https:\/\/doc.epassages.ca\/index.php\/2-3-valider-son-profil-de-competences\/","title":{"rendered":"2.3  Valider son profil de comp\u00e9tences"},"content":{"rendered":"\n<p><\/p>\n\n\n\n<!-- iframe plugin v.6.0 wordpress.org\/plugins\/iframe\/ -->\n<iframe loading=\"lazy\" src=\"https:\/\/uqam.ca.panopto.com\/Panopto\/Pages\/Embed.aspx?id=3f6332d1-4cf5-4e4c-a670-aeb400fe74a8&#038;autoplay=false&#038;offerviewer=true&#038;showtitle=false&#038;showbrand=false&#038;captions=false&#038;interactivity=all\" height=\"405\" width=\"720\" style=\"border: 1px solid #464646;\" allowfullscreen scrolling=\"yes\" class=\"iframe-class\" frameborder=\"0\"><\/iframe>\n\n\n\n\n<p class=\"has-text-align-center\">Avant toute chose, aller voir le profil de comp\u00e9tences pour s&rsquo;assurer que c&rsquo;est le bon.<br>V\u00e9rifier le num\u00e9ro, puis l&rsquo;ann\u00e9e. Si jamais il ne correspond pas \u00e0 la version actuelle, qu&rsquo;il y a un plus r\u00e9cent, faites-nous signe. Il sera mis \u00e0 jour rapidement.<\/p>\n\n\n\n<p class=\"has-text-align-center\"><br>Parfois, la comp\u00e9tence num\u00e9ro 1 n&rsquo;est pas l\u00e0 parce que c&rsquo;est g\u00e9n\u00e9ralement une comp\u00e9tence qui s&rsquo;adresse non pas \u00e0 la pratique du m\u00e9tier, mais plut\u00f4t \u00e0 l&rsquo;introduction \u00e0 la formation.<br><\/p>\n\n\n\n<p class=\"has-text-align-center\">Il y a des comp\u00e9tences en gras qu&rsquo;on appelle les comp\u00e9tences cl\u00e9s. Ce sont les comp\u00e9tences qui, habituellement, vont \u00eatre celles qui sont cibl\u00e9es dans vos r\u00e9alisations.<br>Vous allez voir plus tard qu&rsquo;il faut cibler une comp\u00e9tence par r\u00e9alisation et on va g\u00e9n\u00e9ralement privil\u00e9gier les comp\u00e9tences cl\u00e9s parce que ce sont les comp\u00e9tences qui sont plus repr\u00e9sentatives de votre m\u00e9tier.<br><\/p>\n\n\n\n<p class=\"has-text-align-center\">Notez que cecine d\u00e9coule pas d&rsquo;une analyse qui a \u00e9t\u00e9 faite par des expert\u00b7es. Donc, si vous, vous pensez en tant qu&rsquo;expert\u00b7e de votre m\u00e9tier que, par exemple, \u00ab\u00a0d\u00e9pister les ennemis des cultures\u00a0\u00bb devrait \u00eatre une comp\u00e9tence cl\u00e9, plus que \u00ab\u00a0implanter une culture\u00a0\u00bb, parlez nous-en, on est toujours int\u00e9ress\u00e9\u00b7es \u00e0 raffiner le portfolio. <\/p>\n\n\n\n<p class=\"has-text-align-center\">Pour l&rsquo;instant le reste du portfolio est vide. Documents, c&rsquo;est un endroit o\u00f9 vous \u00eates amen\u00e9\u00b7es \u00e0 ajouter les documents, soit les documents de base comme le curriculum vitae ou votre ligne de vie qu&rsquo;on ins\u00e8re g\u00e9n\u00e9ralement en tout d\u00e9but du cours, et les autres documents qui vont \u00eatre ajout\u00e9s au fur et \u00e0 mesure que vous allez avoir des preuves, des annexes \u00e0 ajouter \u00e0 vos r\u00e9alisations. Et finalement, une fiche de pr\u00e9paration \u00e0 l&rsquo;entrevue que l&rsquo;on ajoute \u00e0 la toute fin avant de finaliser le portfolio. <\/p>\n","protected":false},"excerpt":{"rendered":"<p>Avant toute chose, aller voir le profil de comp\u00e9tences pour s&rsquo;assurer que c&rsquo;est le bon.V\u00e9rifier le num\u00e9ro, puis l&rsquo;ann\u00e9e. Si jamais il ne correspond pas&#8230;<\/p>\n<div class=\"more-link-wrapper\"><a class=\"more-link\" href=\"https:\/\/doc.epassages.ca\/index.php\/2-3-valider-son-profil-de-competences\/\">Continue reading<span class=\"screen-reader-text\">2.3  Valider son profil de comp\u00e9tences<\/span><\/a><\/div>\n","protected":false},"author":1,"featured_media":0,"parent":0,"menu_order":0,"comment_status":"closed","ping_status":"closed","template":"","meta":{"footnotes":""},"class_list":["post-56","page","type-page","status-publish","hentry","entry"],"_links":{"self":[{"href":"https:\/\/doc.epassages.ca\/index.php\/wp-json\/wp\/v2\/pages\/56","targetHints":{"allow":["GET"]}}],"collection":[{"href":"https:\/\/doc.epassages.ca\/index.php\/wp-json\/wp\/v2\/pages"}],"about":[{"href":"https:\/\/doc.epassages.ca\/index.php\/wp-json\/wp\/v2\/types\/page"}],"author":[{"embeddable":true,"href":"https:\/\/doc.epassages.ca\/index.php\/wp-json\/wp\/v2\/users\/1"}],"replies":[{"embeddable":true,"href":"https:\/\/doc.epassages.ca\/index.php\/wp-json\/wp\/v2\/comments?post=56"}],"version-history":[{"count":7,"href":"https:\/\/doc.epassages.ca\/index.php\/wp-json\/wp\/v2\/pages\/56\/revisions"}],"predecessor-version":[{"id":688,"href":"https:\/\/doc.epassages.ca\/index.php\/wp-json\/wp\/v2\/pages\/56\/revisions\/688"}],"wp:attachment":[{"href":"https:\/\/doc.epassages.ca\/index.php\/wp-json\/wp\/v2\/media?parent=56"}],"curies":[{"name":"wp","href":"https:\/\/api.w.org\/{rel}","templated":true}]}}