{"id":54,"date":"2021-10-23T11:50:28","date_gmt":"2021-10-23T15:50:28","guid":{"rendered":"http:\/\/doc.epassages.ca\/?page_id=54"},"modified":"2022-09-23T09:55:38","modified_gmt":"2022-09-23T14:55:38","slug":"2-2-definir-son-profil","status":"publish","type":"page","link":"https:\/\/doc.epassages.ca\/index.php\/2-2-definir-son-profil\/","title":{"rendered":"2.2  D\u00e9finir son profil"},"content":{"rendered":"\n<!-- iframe plugin v.6.0 wordpress.org\/plugins\/iframe\/ -->\n<iframe loading=\"lazy\" src=\"https:\/\/uqam.ca.panopto.com\/Panopto\/Pages\/Embed.aspx?id=5505f7fb-538b-4345-ab97-aeb400fe7486&#038;autoplay=false&#038;offerviewer=true&#038;showtitle=false&#038;showbrand=false&#038;captions=false&#038;interactivity=all\" height=\"405\" width=\"720\" style=\"border: 1px solid #464646;\" allowfullscreen scrolling=\"yes\" class=\"iframe-class\" frameborder=\"0\"><\/iframe>\n\n\n\n\n<p class=\"has-text-align-center\">Une fois que vous avez d\u00e9fini votre mot de passe suivant la proc\u00e9dure,<br>vous pouvez vous connecter. La premi\u00e8re fois que je vais me connecter je vais devoir confirmer un certain nombre d&rsquo;informations.<br><br>Le courriel est important, car c&rsquo;est votre identifiant de connexion. Si vous \u00eates enseignant\u00b7e, vous devez \u00e9crire l\u00e0 votre centre de formation ou le coll\u00e8ge o\u00f9 vous enseignez pr\u00e9sentement. Si vous n&rsquo;\u00eates pas enseignant\u00b7e, c&rsquo;est le centre de formation o\u00f9 vous avez r\u00e9alis\u00e9 votre stage le plus r\u00e9cent. S&rsquo;il vous pla\u00eet, prenez le temps de bien \u00e9crire le nom officiel de votre centre de formation, parce que ce sont des informations qui sont envoy\u00e9es au minist\u00e8re apr\u00e8s le pour la gestion des reconnaissances d&rsquo;acquis.<br><\/p>\n\n\n\n<p class=\"has-text-align-center\">Vous devez ensuite choisir le programme dans lequel vous voulez faire votre portfolio.<br>Pour la majorit\u00e9 d&rsquo;entre vous, c&rsquo;est assez simple. C&rsquo;est le programme que vous enseignez ou que vous souhaitez enseigner. Si jamais, pour une raison ou pour une autre, vous h\u00e9sitez entre deux programmes, par exemple parce que vous avez eu de l&rsquo;exp\u00e9rience dans deux programmes, je vous conseille d&rsquo;en parler \u00e0 votre enseignant\u00b7e avant de faire un choix. <br><\/p>\n\n\n\n<p class=\"has-text-align-center\">Le nombre de cr\u00e9dits vis\u00e9s, par d\u00e9faut, \u00e7a va \u00eatre le maximum. Mais si vous \u00eates proche du maximum de reconnaissance des acquis, vous pouvez le r\u00e9viser. C&rsquo;est bien de le faire parce que pour les enseignant\u00b7es et r\u00e9viseur\u00b7ses, \u00e7a va nous aider \u00e0 savoir o\u00f9 est ce que vous \u00eates rendu\u00b7es.<\/p>\n\n\n\n<p class=\"has-text-align-center\"><em>Vous pouvez modifier votre profil ou terminer votre session en tout temps via le menu usager.<\/em><\/p>\n\n\n<div class=\"wp-block-image\">\n<figure class=\"aligncenter size-full is-resized\"><img loading=\"lazy\" decoding=\"async\" src=\"https:\/\/doc.epassages.ca\/wp-content\/uploads\/2022\/07\/image-6.png\" alt=\"\" class=\"wp-image-601\" width=\"374\" height=\"232\" srcset=\"https:\/\/doc.epassages.ca\/wp-content\/uploads\/2022\/07\/image-6.png 373w, https:\/\/doc.epassages.ca\/wp-content\/uploads\/2022\/07\/image-6-300x186.png 300w\" sizes=\"auto, (max-width: 374px) 100vw, 374px\" \/><\/figure>\n<\/div>","protected":false},"excerpt":{"rendered":"<p>Une fois que vous avez d\u00e9fini votre mot de passe suivant la proc\u00e9dure,vous pouvez vous connecter. La premi\u00e8re fois que je vais me connecter je&#8230;<\/p>\n<div class=\"more-link-wrapper\"><a class=\"more-link\" href=\"https:\/\/doc.epassages.ca\/index.php\/2-2-definir-son-profil\/\">Continue reading<span class=\"screen-reader-text\">2.2  D\u00e9finir son profil<\/span><\/a><\/div>\n","protected":false},"author":1,"featured_media":0,"parent":0,"menu_order":0,"comment_status":"closed","ping_status":"closed","template":"","meta":{"footnotes":""},"class_list":["post-54","page","type-page","status-publish","hentry","entry"],"_links":{"self":[{"href":"https:\/\/doc.epassages.ca\/index.php\/wp-json\/wp\/v2\/pages\/54","targetHints":{"allow":["GET"]}}],"collection":[{"href":"https:\/\/doc.epassages.ca\/index.php\/wp-json\/wp\/v2\/pages"}],"about":[{"href":"https:\/\/doc.epassages.ca\/index.php\/wp-json\/wp\/v2\/types\/page"}],"author":[{"embeddable":true,"href":"https:\/\/doc.epassages.ca\/index.php\/wp-json\/wp\/v2\/users\/1"}],"replies":[{"embeddable":true,"href":"https:\/\/doc.epassages.ca\/index.php\/wp-json\/wp\/v2\/comments?post=54"}],"version-history":[{"count":10,"href":"https:\/\/doc.epassages.ca\/index.php\/wp-json\/wp\/v2\/pages\/54\/revisions"}],"predecessor-version":[{"id":684,"href":"https:\/\/doc.epassages.ca\/index.php\/wp-json\/wp\/v2\/pages\/54\/revisions\/684"}],"wp:attachment":[{"href":"https:\/\/doc.epassages.ca\/index.php\/wp-json\/wp\/v2\/media?parent=54"}],"curies":[{"name":"wp","href":"https:\/\/api.w.org\/{rel}","templated":true}]}}