{"id":528,"date":"2022-06-30T16:02:25","date_gmt":"2022-06-30T21:02:25","guid":{"rendered":"https:\/\/doc.epassages.ca\/?page_id=528"},"modified":"2022-09-10T08:46:44","modified_gmt":"2022-09-10T13:46:44","slug":"6-les-documents","status":"publish","type":"page","link":"https:\/\/doc.epassages.ca\/index.php\/6-les-documents\/","title":{"rendered":"6. Les documents"},"content":{"rendered":"<div class=\"wp-block-image\">\n<figure class=\"aligncenter\"><img decoding=\"async\" src=\"https:\/\/epassages.ca\/static\/screenshots\/documents_vide_sm.png\" alt=\"\"\/><\/figure>\n<\/div>\n\n<div class=\"wp-block-image\">\n<figure class=\"aligncenter\"><img decoding=\"async\" src=\"https:\/\/epassages.ca\/static\/screenshots\/documents_1st_time.png\" alt=\"\"\/><\/figure>\n<\/div>\n\n\n<p class=\"has-text-align-center\">******************<\/p>\n\n\n\n<p class=\"has-text-align-center\"><em>On peut ajouter plusieurs documents \u00e0 la fois.<\/em><\/p>\n\n\n<div class=\"wp-block-image\">\n<figure class=\"aligncenter\"><img decoding=\"async\" src=\"https:\/\/epassages.ca\/static\/screenshots\/documents_ajout_sm.png\" alt=\"\"\/><\/figure>\n<\/div>\n\n\n<p class=\"has-text-align-center\">******************<\/p>\n\n\n\n<p class=\"has-text-align-center\"><em>On peut ensuite les associer aux r\u00e9alisations, les renommer et les supprimer.<\/em><\/p>\n\n\n<div class=\"wp-block-image\">\n<figure class=\"aligncenter\"><img decoding=\"async\" src=\"https:\/\/epassages.ca\/static\/screenshots\/documents_asso_sm.png\" alt=\"\"\/><\/figure>\n<\/div>\n\n<div class=\"wp-block-image\">\n<figure class=\"aligncenter\"><img decoding=\"async\" src=\"https:\/\/epassages.ca\/static\/screenshots\/documents_vue_sm.png\" alt=\"\"\/><\/figure>\n<\/div>\n\n\n<p class=\"has-text-align-center\">******************<\/p>\n\n\n\n<p class=\"has-text-align-center\"><strong>Capsule vid\u00e9o explicative :<\/strong><\/p>\n\n\n\n<!-- iframe plugin v.6.0 wordpress.org\/plugins\/iframe\/ -->\n<iframe loading=\"lazy\" src=\"https:\/\/uqam.ca.panopto.com\/Panopto\/Pages\/Embed.aspx?id=60ed206a-6877-4f56-b419-aeb400ff6bb2&#038;autoplay=false&#038;offerviewer=true&#038;showtitle=false&#038;showbrand=false&#038;captions=false&#038;interactivity=all\" height=\"405\" width=\"720\" style=\"border: 1px solid #464646;\" allowfullscreen scrolling=\"yes\" class=\"iframe-class\" frameborder=\"0\"><\/iframe>\n\n\n\n\n<p class=\"has-text-align-center\"><strong>Sous-titres :<\/strong><br>Donc maintenant, on va voir la section des documents, alors la section des documents,<br>\u00e9videmment, comme pour le portfolio, au d\u00e9but, elle est vide.<\/p>\n","protected":false},"excerpt":{"rendered":"<p>****************** On peut ajouter plusieurs documents \u00e0 la fois. ****************** On peut ensuite les associer aux r\u00e9alisations, les renommer et les supprimer. ****************** Capsule vid\u00e9o&#8230;<\/p>\n<div class=\"more-link-wrapper\"><a class=\"more-link\" href=\"https:\/\/doc.epassages.ca\/index.php\/6-les-documents\/\">Continue reading<span class=\"screen-reader-text\">6. Les documents<\/span><\/a><\/div>\n","protected":false},"author":1,"featured_media":0,"parent":0,"menu_order":0,"comment_status":"closed","ping_status":"closed","template":"","meta":{"footnotes":""},"class_list":["post-528","page","type-page","status-publish","hentry","entry"],"_links":{"self":[{"href":"https:\/\/doc.epassages.ca\/index.php\/wp-json\/wp\/v2\/pages\/528","targetHints":{"allow":["GET"]}}],"collection":[{"href":"https:\/\/doc.epassages.ca\/index.php\/wp-json\/wp\/v2\/pages"}],"about":[{"href":"https:\/\/doc.epassages.ca\/index.php\/wp-json\/wp\/v2\/types\/page"}],"author":[{"embeddable":true,"href":"https:\/\/doc.epassages.ca\/index.php\/wp-json\/wp\/v2\/users\/1"}],"replies":[{"embeddable":true,"href":"https:\/\/doc.epassages.ca\/index.php\/wp-json\/wp\/v2\/comments?post=528"}],"version-history":[{"count":6,"href":"https:\/\/doc.epassages.ca\/index.php\/wp-json\/wp\/v2\/pages\/528\/revisions"}],"predecessor-version":[{"id":655,"href":"https:\/\/doc.epassages.ca\/index.php\/wp-json\/wp\/v2\/pages\/528\/revisions\/655"}],"wp:attachment":[{"href":"https:\/\/doc.epassages.ca\/index.php\/wp-json\/wp\/v2\/media?parent=528"}],"curies":[{"name":"wp","href":"https:\/\/api.w.org\/{rel}","templated":true}]}}