{"id":52,"date":"2021-10-23T11:49:51","date_gmt":"2021-10-23T15:49:51","guid":{"rendered":"http:\/\/doc.epassages.ca\/?page_id=52"},"modified":"2022-09-27T12:53:26","modified_gmt":"2022-09-27T17:53:26","slug":"2-1-definir-son-mot-de-passe","status":"publish","type":"page","link":"https:\/\/doc.epassages.ca\/index.php\/2-1-definir-son-mot-de-passe\/","title":{"rendered":"2.1  D\u00e9finir son mot de passe"},"content":{"rendered":"\n<!-- iframe plugin v.6.0 wordpress.org\/plugins\/iframe\/ -->\n<iframe loading=\"lazy\" src=\"https:\/\/uqam.ca.panopto.com\/Panopto\/Pages\/Embed.aspx?id=97ded586-3fa1-4104-9dc4-aeb400fe7460&#038;autoplay=false&#038;offerviewer=true&#038;showtitle=false&#038;showbrand=false&#038;captions=false&#038;interactivity=all\" height=\"405\" width=\"720\" style=\"border: 1px solid #464646;\" allowfullscreen scrolling=\"yes\" class=\"iframe-class\" frameborder=\"0\"><\/iframe>\n\n\n\n\n<p class=\"has-text-align-center\">La premi\u00e8re chose que vous devez faire, la premi\u00e8re fois quand vous avez jamais encore travaill\u00e9 dedans, est de dire que vous avez oubli\u00e9 votre mot de passe. Dans les faits, ce n&rsquo;est pas tout \u00e0 fait vrai. C&rsquo;est que vous ne connaissez pas le mot de passe qui vous a \u00e9t\u00e9 attribu\u00e9 de fa\u00e7on al\u00e9atoire. La seule fa\u00e7on d&rsquo;acc\u00e9der au portfolio, c&rsquo;est de r\u00e9initialiser votre mot de passe. C&rsquo;est la m\u00eame proc\u00e9dure que si vous l&rsquo;aviez oubli\u00e9.<br><\/p>\n\n\n\n<p class=\"has-text-align-center\">La forme de courriel \u00e0 privil\u00e9gier, c&rsquo;est nom.pr\u00e9nom.X@courrier.uqam.ca. C&rsquo;est pour ne pas confondre avec la forme codeMS@ens.uqam.ca que vous avez.  Des instructions vous sont envoy\u00e9es \u00e0 ce courriel. Si vous ne le recevez pas en quelques minutes, v\u00e9rifiez vos courriers ind\u00e9sirables. Il peut arriver que le courriel arrive tr\u00e8s rapidement, mais \u00e7a peut aussi arriver \u00e0 l&rsquo;occasion que le courriel prenne plusieurs minutes avant d&rsquo;arriver.<\/p>\n\n\n<div class=\"wp-block-image\">\n<figure class=\"aligncenter size-large is-resized\"><img loading=\"lazy\" decoding=\"async\" src=\"https:\/\/doc.epassages.ca\/wp-content\/uploads\/2022\/07\/image-1-1024x616.png\" alt=\"\" class=\"wp-image-582\" width=\"474\" height=\"285\" srcset=\"https:\/\/doc.epassages.ca\/wp-content\/uploads\/2022\/07\/image-1-1024x616.png 1024w, https:\/\/doc.epassages.ca\/wp-content\/uploads\/2022\/07\/image-1-300x181.png 300w, https:\/\/doc.epassages.ca\/wp-content\/uploads\/2022\/07\/image-1-768x462.png 768w, https:\/\/doc.epassages.ca\/wp-content\/uploads\/2022\/07\/image-1.png 1175w\" sizes=\"auto, (max-width: 474px) 100vw, 474px\" \/><\/figure>\n<\/div>\n\n\n<p class=\"has-text-align-center\"><em>Il est esssentiel d&rsquo;utiliser votre courriel UQAM.<\/em><\/p>\n\n\n<div class=\"wp-block-image\">\n<figure class=\"alignleft size-large is-resized\"><img loading=\"lazy\" decoding=\"async\" src=\"https:\/\/doc.epassages.ca\/wp-content\/uploads\/2022\/07\/image-2-1024x135.png\" alt=\"\" class=\"wp-image-584\" width=\"809\" height=\"107\" srcset=\"https:\/\/doc.epassages.ca\/wp-content\/uploads\/2022\/07\/image-2-1024x135.png 1024w, https:\/\/doc.epassages.ca\/wp-content\/uploads\/2022\/07\/image-2-300x39.png 300w, https:\/\/doc.epassages.ca\/wp-content\/uploads\/2022\/07\/image-2-768x101.png 768w, https:\/\/doc.epassages.ca\/wp-content\/uploads\/2022\/07\/image-2-1536x202.png 1536w, https:\/\/doc.epassages.ca\/wp-content\/uploads\/2022\/07\/image-2-2048x269.png 2048w\" sizes=\"auto, (max-width: 809px) 100vw, 809px\" \/><\/figure>\n<\/div>","protected":false},"excerpt":{"rendered":"<p>La premi\u00e8re chose que vous devez faire, la premi\u00e8re fois quand vous avez jamais encore travaill\u00e9 dedans, est de dire que vous avez oubli\u00e9 votre&#8230;<\/p>\n<div class=\"more-link-wrapper\"><a class=\"more-link\" href=\"https:\/\/doc.epassages.ca\/index.php\/2-1-definir-son-mot-de-passe\/\">Continue reading<span class=\"screen-reader-text\">2.1  D\u00e9finir son mot de passe<\/span><\/a><\/div>\n","protected":false},"author":1,"featured_media":0,"parent":0,"menu_order":0,"comment_status":"closed","ping_status":"closed","template":"","meta":{"footnotes":""},"class_list":["post-52","page","type-page","status-publish","hentry","entry"],"_links":{"self":[{"href":"https:\/\/doc.epassages.ca\/index.php\/wp-json\/wp\/v2\/pages\/52","targetHints":{"allow":["GET"]}}],"collection":[{"href":"https:\/\/doc.epassages.ca\/index.php\/wp-json\/wp\/v2\/pages"}],"about":[{"href":"https:\/\/doc.epassages.ca\/index.php\/wp-json\/wp\/v2\/types\/page"}],"author":[{"embeddable":true,"href":"https:\/\/doc.epassages.ca\/index.php\/wp-json\/wp\/v2\/users\/1"}],"replies":[{"embeddable":true,"href":"https:\/\/doc.epassages.ca\/index.php\/wp-json\/wp\/v2\/comments?post=52"}],"version-history":[{"count":17,"href":"https:\/\/doc.epassages.ca\/index.php\/wp-json\/wp\/v2\/pages\/52\/revisions"}],"predecessor-version":[{"id":717,"href":"https:\/\/doc.epassages.ca\/index.php\/wp-json\/wp\/v2\/pages\/52\/revisions\/717"}],"wp:attachment":[{"href":"https:\/\/doc.epassages.ca\/index.php\/wp-json\/wp\/v2\/media?parent=52"}],"curies":[{"name":"wp","href":"https:\/\/api.w.org\/{rel}","templated":true}]}}