{"id":50,"date":"2021-10-23T11:49:19","date_gmt":"2021-10-23T15:49:19","guid":{"rendered":"http:\/\/doc.epassages.ca\/?page_id=50"},"modified":"2022-09-27T07:49:03","modified_gmt":"2022-09-27T12:49:03","slug":"2-premier-pas-dans-passages","status":"publish","type":"page","link":"https:\/\/doc.epassages.ca\/index.php\/2-premier-pas-dans-passages\/","title":{"rendered":"2.  Premier pas dans passages"},"content":{"rendered":"\n<ul class=\"wp-block-list\"><li><a href=\"https:\/\/doc.epassages.ca\/index.php\/2-0-configuration-requise\/\" data-type=\"page\" data-id=\"696\">2.0 Configuration requise<\/a><\/li><li><a href=\"https:\/\/doc.epassages.ca\/index.php\/2-1-definir-son-mot-de-passe\/\" data-type=\"page\" data-id=\"52\">2.1  D\u00e9finir son mot de passe<\/a><\/li><li><a href=\"https:\/\/doc.epassages.ca\/index.php\/2-2-definir-son-profil\/\" data-type=\"page\" data-id=\"54\">2.2  D\u00e9finir son profil<\/a><\/li><li><a href=\"https:\/\/doc.epassages.ca\/index.php\/2-3-valider-son-profil-de-competences\/\" data-type=\"page\" data-id=\"56\">2.3  Valider son profil de comp\u00e9tences<\/a><\/li><li><a href=\"https:\/\/doc.epassages.ca\/index.php\/2-4-consulter-les-exemples\/\" data-type=\"page\" data-id=\"58\">2.4  Consulter les exemples<\/a><\/li><li><a href=\"https:\/\/doc.epassages.ca\/index.php\/2-5-creer-une-premiere-realisation\/\" data-type=\"page\" data-id=\"60\">2.5  Ajouter une premi\u00e8re r\u00e9alisation<\/a><\/li><\/ul>\n","protected":false},"excerpt":{"rendered":"<p>2.0 Configuration requise 2.1 D\u00e9finir son mot de passe 2.2 D\u00e9finir son profil 2.3 Valider son profil de comp\u00e9tences 2.4 Consulter les exemples 2.5 Ajouter&#8230;<\/p>\n<div class=\"more-link-wrapper\"><a class=\"more-link\" href=\"https:\/\/doc.epassages.ca\/index.php\/2-premier-pas-dans-passages\/\">Continue reading<span class=\"screen-reader-text\">2.  Premier pas dans passages<\/span><\/a><\/div>\n","protected":false},"author":1,"featured_media":0,"parent":0,"menu_order":0,"comment_status":"closed","ping_status":"closed","template":"","meta":{"footnotes":""},"class_list":["post-50","page","type-page","status-publish","hentry","entry"],"_links":{"self":[{"href":"https:\/\/doc.epassages.ca\/index.php\/wp-json\/wp\/v2\/pages\/50","targetHints":{"allow":["GET"]}}],"collection":[{"href":"https:\/\/doc.epassages.ca\/index.php\/wp-json\/wp\/v2\/pages"}],"about":[{"href":"https:\/\/doc.epassages.ca\/index.php\/wp-json\/wp\/v2\/types\/page"}],"author":[{"embeddable":true,"href":"https:\/\/doc.epassages.ca\/index.php\/wp-json\/wp\/v2\/users\/1"}],"replies":[{"embeddable":true,"href":"https:\/\/doc.epassages.ca\/index.php\/wp-json\/wp\/v2\/comments?post=50"}],"version-history":[{"count":3,"href":"https:\/\/doc.epassages.ca\/index.php\/wp-json\/wp\/v2\/pages\/50\/revisions"}],"predecessor-version":[{"id":700,"href":"https:\/\/doc.epassages.ca\/index.php\/wp-json\/wp\/v2\/pages\/50\/revisions\/700"}],"wp:attachment":[{"href":"https:\/\/doc.epassages.ca\/index.php\/wp-json\/wp\/v2\/media?parent=50"}],"curies":[{"name":"wp","href":"https:\/\/api.w.org\/{rel}","templated":true}]}}