{"id":39,"date":"2021-10-23T11:40:26","date_gmt":"2021-10-23T15:40:26","guid":{"rendered":"http:\/\/doc.epassages.ca\/?page_id=39"},"modified":"2022-09-27T12:50:11","modified_gmt":"2022-09-27T17:50:11","slug":"1-4-ftp-uqam","status":"publish","type":"page","link":"https:\/\/doc.epassages.ca\/index.php\/1-4-ftp-uqam\/","title":{"rendered":"1.4   UQAM FPT"},"content":{"rendered":"\n<!-- iframe plugin v.6.0 wordpress.org\/plugins\/iframe\/ -->\n<iframe loading=\"lazy\" src=\"https:\/\/uqam.ca.panopto.com\/Panopto\/Pages\/Embed.aspx?id=a7480dfd-1f67-44b8-888d-aeb400fe74c5&#038;autoplay=false&#038;offerviewer=true&#038;showtitle=false&#038;showbrand=false&#038;captions=false&#038;interactivity=all\" height=\"405\" width=\"720\" style=\"border: 1px solid #464646;\" allowfullscreen scrolling=\"yes\" class=\"iframe-class\" frameborder=\"0\"><\/iframe>\n\n\n\n\n<p class=\"has-text-align-center\">Quand vous \u00eates dans la page principale du site vous avez acc\u00e8s \u00e0 la documentation, \u00e0 la d\u00e9mo et au portfolio en tant que tel. UQAM FPT c&rsquo;est le site dans lequel vous vous allez travailler. Alors on arrive \u00e0 la page de connexion du vrai portfolio, il n&rsquo;y a plus d&rsquo;usagers types qui y sont d\u00e9finis. <\/p>\n","protected":false},"excerpt":{"rendered":"<p>Quand vous \u00eates dans la page principale du site vous avez acc\u00e8s \u00e0 la documentation, \u00e0 la d\u00e9mo et au portfolio en tant que tel.&#8230;<\/p>\n<div class=\"more-link-wrapper\"><a class=\"more-link\" href=\"https:\/\/doc.epassages.ca\/index.php\/1-4-ftp-uqam\/\">Continue reading<span class=\"screen-reader-text\">1.4   UQAM FPT<\/span><\/a><\/div>\n","protected":false},"author":1,"featured_media":0,"parent":0,"menu_order":0,"comment_status":"closed","ping_status":"closed","template":"","meta":{"footnotes":""},"class_list":["post-39","page","type-page","status-publish","hentry","entry"],"_links":{"self":[{"href":"https:\/\/doc.epassages.ca\/index.php\/wp-json\/wp\/v2\/pages\/39","targetHints":{"allow":["GET"]}}],"collection":[{"href":"https:\/\/doc.epassages.ca\/index.php\/wp-json\/wp\/v2\/pages"}],"about":[{"href":"https:\/\/doc.epassages.ca\/index.php\/wp-json\/wp\/v2\/types\/page"}],"author":[{"embeddable":true,"href":"https:\/\/doc.epassages.ca\/index.php\/wp-json\/wp\/v2\/users\/1"}],"replies":[{"embeddable":true,"href":"https:\/\/doc.epassages.ca\/index.php\/wp-json\/wp\/v2\/comments?post=39"}],"version-history":[{"count":9,"href":"https:\/\/doc.epassages.ca\/index.php\/wp-json\/wp\/v2\/pages\/39\/revisions"}],"predecessor-version":[{"id":713,"href":"https:\/\/doc.epassages.ca\/index.php\/wp-json\/wp\/v2\/pages\/39\/revisions\/713"}],"wp:attachment":[{"href":"https:\/\/doc.epassages.ca\/index.php\/wp-json\/wp\/v2\/media?parent=39"}],"curies":[{"name":"wp","href":"https:\/\/api.w.org\/{rel}","templated":true}]}}