{"id":37,"date":"2021-10-23T11:38:40","date_gmt":"2021-10-23T15:38:40","guid":{"rendered":"http:\/\/doc.epassages.ca\/?page_id=37"},"modified":"2024-08-28T18:49:05","modified_gmt":"2024-08-28T23:49:05","slug":"1-3-demo","status":"publish","type":"page","link":"https:\/\/doc.epassages.ca\/index.php\/1-3-demo\/","title":{"rendered":"1.3  D\u00e9mo en ligne"},"content":{"rendered":"\n<h2 class=\"wp-block-heading\"><a href=\"https:\/\/demo-fpt.epassages.ca\/\">https:\/\/demo-fpt.epassages.ca\/<\/a><\/h2>\n\n\n\n<p>La d\u00e9mo contient plusieurs comptes correspondant \u00e0 ses divers usages : <\/p>\n\n\n\n<ul class=\"wp-block-list\">\n<li>sepaq@epassages.ca (candidat avec un portfolio complet)<\/li>\n\n\n\n<li>fp@epassages.ca (nouveau candidat en formation professionnelle)<\/li>\n\n\n\n<li>ft@epassages.ca (nouveau candidat en formation technique)<\/li>\n\n\n\n<li>admin@epassages.ca (superviseur et administrateur du site)<\/li>\n<\/ul>\n\n\n\n<p>Mot de passe pour tous les comptes de d\u00e9monstration :&nbsp;<strong>PassagesDemo<\/strong><\/p>\n","protected":false},"excerpt":{"rendered":"<p>https:\/\/demo-fpt.epassages.ca\/ La d\u00e9mo contient plusieurs comptes correspondant \u00e0 ses divers usages : Mot de passe pour tous les comptes de d\u00e9monstration :&nbsp;PassagesDemo<\/p>\n","protected":false},"author":1,"featured_media":0,"parent":0,"menu_order":0,"comment_status":"closed","ping_status":"closed","template":"","meta":{"footnotes":""},"class_list":["post-37","page","type-page","status-publish","hentry","entry"],"_links":{"self":[{"href":"https:\/\/doc.epassages.ca\/index.php\/wp-json\/wp\/v2\/pages\/37","targetHints":{"allow":["GET"]}}],"collection":[{"href":"https:\/\/doc.epassages.ca\/index.php\/wp-json\/wp\/v2\/pages"}],"about":[{"href":"https:\/\/doc.epassages.ca\/index.php\/wp-json\/wp\/v2\/types\/page"}],"author":[{"embeddable":true,"href":"https:\/\/doc.epassages.ca\/index.php\/wp-json\/wp\/v2\/users\/1"}],"replies":[{"embeddable":true,"href":"https:\/\/doc.epassages.ca\/index.php\/wp-json\/wp\/v2\/comments?post=37"}],"version-history":[{"count":6,"href":"https:\/\/doc.epassages.ca\/index.php\/wp-json\/wp\/v2\/pages\/37\/revisions"}],"predecessor-version":[{"id":778,"href":"https:\/\/doc.epassages.ca\/index.php\/wp-json\/wp\/v2\/pages\/37\/revisions\/778"}],"wp:attachment":[{"href":"https:\/\/doc.epassages.ca\/index.php\/wp-json\/wp\/v2\/media?parent=37"}],"curies":[{"name":"wp","href":"https:\/\/api.w.org\/{rel}","templated":true}]}}