{"id":355,"date":"2022-02-21T17:02:05","date_gmt":"2022-02-21T22:02:05","guid":{"rendered":"https:\/\/doc.epassages.ca\/?page_id=355"},"modified":"2022-02-21T17:03:43","modified_gmt":"2022-02-21T22:03:43","slug":"autres-documents","status":"publish","type":"page","link":"https:\/\/doc.epassages.ca\/index.php\/autres-documents\/","title":{"rendered":"Autres documents"},"content":{"rendered":"\n<h3 class=\"wp-block-heading\" id=\"integres-a-passages\">int\u00e9gr\u00e9s \u00e0 <em>Passages<\/em><\/h3>\n\n\n\n<pre class=\"wp-block-verse\">Caron, P., Monfette, M., Dubois, C. et Thorne, A. (2021).&nbsp;<em>D\u00e9veloppement des attitudes professionnelles<\/em>. D\u00e9partement de technologie de radiodiagnostic, C\u00e9gep \u00c9douard-Montpetit.<\/pre>\n","protected":false},"excerpt":{"rendered":"<p>int\u00e9gr\u00e9s \u00e0 Passages Caron, P., Monfette, M., Dubois, C. et Thorne, A. (2021).&nbsp;D\u00e9veloppement des attitudes professionnelles. D\u00e9partement de technologie de radiodiagnostic, C\u00e9gep \u00c9douard-Montpetit.<\/p>\n","protected":false},"author":1,"featured_media":0,"parent":0,"menu_order":0,"comment_status":"closed","ping_status":"closed","template":"","meta":{"footnotes":""},"class_list":["post-355","page","type-page","status-publish","hentry","entry"],"_links":{"self":[{"href":"https:\/\/doc.epassages.ca\/index.php\/wp-json\/wp\/v2\/pages\/355","targetHints":{"allow":["GET"]}}],"collection":[{"href":"https:\/\/doc.epassages.ca\/index.php\/wp-json\/wp\/v2\/pages"}],"about":[{"href":"https:\/\/doc.epassages.ca\/index.php\/wp-json\/wp\/v2\/types\/page"}],"author":[{"embeddable":true,"href":"https:\/\/doc.epassages.ca\/index.php\/wp-json\/wp\/v2\/users\/1"}],"replies":[{"embeddable":true,"href":"https:\/\/doc.epassages.ca\/index.php\/wp-json\/wp\/v2\/comments?post=355"}],"version-history":[{"count":2,"href":"https:\/\/doc.epassages.ca\/index.php\/wp-json\/wp\/v2\/pages\/355\/revisions"}],"predecessor-version":[{"id":358,"href":"https:\/\/doc.epassages.ca\/index.php\/wp-json\/wp\/v2\/pages\/355\/revisions\/358"}],"wp:attachment":[{"href":"https:\/\/doc.epassages.ca\/index.php\/wp-json\/wp\/v2\/media?parent=355"}],"curies":[{"name":"wp","href":"https:\/\/api.w.org\/{rel}","templated":true}]}}