{"id":331,"date":"2022-02-17T13:02:45","date_gmt":"2022-02-17T18:02:45","guid":{"rendered":"https:\/\/doc.epassages.ca\/?page_id=331"},"modified":"2023-09-13T09:59:43","modified_gmt":"2023-09-13T14:59:43","slug":"programmes-de-la-formation-collegiale-technique","status":"publish","type":"page","link":"https:\/\/doc.epassages.ca\/index.php\/programmes-de-la-formation-collegiale-technique\/","title":{"rendered":"Programmes de la formation coll\u00e9giale"},"content":{"rendered":"\n<h3 class=\"wp-block-heading\" id=\"integres-a-passages\">int\u00e9gr\u00e9s \u00e0 <em>Passages<\/em><\/h3>\n\n\n\n<pre class=\"wp-block-verse\">Qu\u00e9bec (Province). Formation professionnelle et technique et formation continue. Direction g\u00e9n\u00e9rale des programmes et du d\u00e9veloppement. (2006f). <em>Soins pr\u00e9hospitaliers d\u2019urgence\u202f: programme d\u2019\u00e9tudes techniques, 181.A0<\/em>. <a href=\"https:\/\/cap.banq.qc.ca\/notice?id=p%3A%3Ausmarcdef_0003614299&amp;locale=fr\u00a0\">https:\/\/cap.banq.qc.ca\/notice?id=p%3A%3Ausmarcdef_0003614299&amp;locale=fr&nbsp;<\/a><\/pre>\n\n\n\n<pre class=\"wp-block-verse\">Qu\u00e9bec (Province). Minist\u00e8re de l\u2019\u00e9ducation. (1999). <em>Administration, commerce et informatique\u202f: techniques de bureautique\u202f: programme d\u2019\u00e9tudes 412-A0\u202f: voies de sp\u00e9cialisation\u202f: coordination du travail de bureau, micro-\u00e9dition et hyperm\u00e9dia<\/em>. <a href=\"https:\/\/cap.banq.qc.ca\/notice?id=p%3A%3Ausmarcdef_0000545665&amp;locale=fr\u00a0\">https:\/\/cap.banq.qc.ca\/notice?id=p%3A%3Ausmarcdef_0000545665&amp;locale=fr&nbsp;<\/a><\/pre>\n\n\n\n<pre class=\"wp-block-verse\">Qu\u00e9bec (Province). Minist\u00e8re de l\u2019\u00e9ducation et de l\u2019enseignement sup\u00e9rieur. (2022). Techniques cin\u00e9matographiques et t\u00e9l\u00e9visuelles (589.C0) : programme d'\u00e9tudes techniques : secteur 13 - communication et documentation, enseignement coll\u00e9gial. <a href=\"https:\/\/cap.banq.qc.ca\/notice?id=p%3A%3Ausmarcdef_0006786092\">https:\/\/cap.banq.qc.ca\/notice?id=p%3A%3Ausmarcdef_0006353353&amp;locale=fr <\/a><\/pre>\n\n\n\n<pre class=\"wp-block-verse\">Qu\u00e9bec (Province). Minist\u00e8re de l\u2019\u00e9ducation et de l\u2019enseignement sup\u00e9rieur. (2018a). <em>Technologie de l\u2019\u00e9chographie m\u00e9dicale (142.G0)\u202f: programme d\u2019\u00e9tudes techniques\u202f: secteur 19 - sant\u00e9\u202f: enseignement coll\u00e9gial<\/em>. <a href=\"https:\/\/cap.banq.qc.ca\/notice?id=p%3A%3Ausmarcdef_0005843365&amp;locale=fr\u00a0\">https:\/\/cap.banq.qc.ca\/notice?id=p%3A%3Ausmarcdef_0005843365&amp;locale=fr&nbsp;<\/a><\/pre>\n\n\n\n<pre class=\"wp-block-verse\">Qu\u00e9bec (Province). Minist\u00e8re de l\u2019\u00e9ducation. (2000b). <em>Services sociaux, \u00e9ducatifs et juridiques\u202f: techniques d\u2019\u00e9ducation \u00e0 l\u2019enfance\u202f: programme d\u2019\u00e9tudes, 322.A0<\/em>. <a href=\"https:\/\/cap.banq.qc.ca\/notice?id=p%3A%3Ausmarcdef_0000566489&amp;locale=fr\u00a0\">https:\/\/cap.banq.qc.ca\/notice?id=p%3A%3Ausmarcdef_0000566489&amp;locale=fr\u00a0<\/a><\/pre>\n\n\n\n<pre class=\"wp-block-verse\">Qu\u00e9bec (Province). Minist\u00e8re de l\u2019\u00e9ducation. (2022). <em>Services sociaux, \u00e9ducatifs et juridiques\u202f: techniques d\u2019\u00e9ducation \u00e0 l\u2019enfance\u202f: programme d\u2019\u00e9tudes, 322.A1<\/em>. <a href=\"https:\/\/cap.banq.qc.ca\/notice?id=p::usmarcdef_0006901698\">https:\/\/cap.banq.qc.ca\/notice?id=p%3A%3Ausmarcdef_0000566489&amp;locale=fr<\/a><a href=\"https:\/\/cap.banq.qc.ca\/notice?id=p%3A%3Ausmarcdef_0000566489&amp;locale=fr\u00a0\">\u00a0<\/a><\/pre>\n\n\n\n<pre class=\"wp-block-verse\">Qu\u00e9bec (Province). Formation professionnelle et technique et formation continue. Direction g\u00e9n\u00e9rale des programmes et du d\u00e9veloppement. (2004h). <em>Techniques d\u2019\u00e9ducation sp\u00e9cialis\u00e9e\u202f: programme d\u2019\u00e9tudes techniques, 351.A0<\/em>. <a href=\"https:\/\/cap.banq.qc.ca\/notice?id=p%3A%3Ausmarcdef_0004942397&amp;locale=fr\u00a0\">https:\/\/cap.banq.qc.ca\/notice?id=p%3A%3Ausmarcdef_0004942397&amp;locale=fr&nbsp;<\/a><\/pre>\n\n\n\n<pre class=\"wp-block-verse\">Qu\u00e9bec (Province). Minist\u00e8re de l\u2019\u00e9ducation, du loisir et du sport. (2018). <em>Techniques de g\u00e9nie a\u00e9rospatial (280.B0)\u202f: programme d\u2019\u00e9tudes techniques\u202f: secteur 11 - fabrication m\u00e9canique\u202f: enseignement coll\u00e9gial<\/em>. <a href=\"https:\/\/cap.banq.qc.ca\/notice?id=p%3A%3Ausmarcdef_0005816129&amp;locale=fr\u00a0\">https:\/\/cap.banq.qc.ca\/notice?id=p%3A%3Ausmarcdef_0005816129&amp;locale=fr&nbsp;<\/a><\/pre>\n\n\n\n<pre class=\"wp-block-verse\">Qu\u00e9bec (Province). Minist\u00e8re de l\u2019\u00e9ducation. (1997b). <em>Sant\u00e9\u202f: techniques d\u2019hygi\u00e8ne dentaire\u202f: programme d\u2019\u00e9tudes, 111.A0<\/em>. <a href=\"https:\/\/cap.banq.qc.ca\/notice?id=p%3A%3Ausmarcdef_0000500256&amp;locale=fr\u00a0\">https:\/\/cap.banq.qc.ca\/notice?id=p%3A%3Ausmarcdef_0000500256&amp;locale=fr&nbsp;<\/a><\/pre>\n\n\n\n<pre class=\"wp-block-verse\">Qu\u00e9bec (Province). Minist\u00e8re de l\u2019\u00e9ducation. (1997) Sant\u00e9 : techniques d'inhaloth\u00e9rapie : programme d'\u00e9tudes. <a href=\"https:\/\/cap.banq.qc.ca\/notice?id=p%3A%3Ausmarcdef_0000504064\">https:\/\/cap.banq.qc.ca\/notice?id=p%3A%3Ausmarcdef_0000504064<\/a><\/pre>\n\n\n\n<pre class=\"wp-block-verse\">Qu\u00e9bec (Province). Formation professionnelle et technique et formation continue. Direction g\u00e9n\u00e9rale des programmes et du d\u00e9veloppement. (2004i). <em>Technologie de maintenance industrielle\u202f: programme d\u2019\u00e9tudes techniques, 241.D0<\/em>. <a href=\"https:\/\/cap.banq.qc.ca\/notice?id=p%3A%3Ausmarcdef_0002607767&amp;locale=fr\u00a0\">https:\/\/cap.banq.qc.ca\/notice?id=p%3A%3Ausmarcdef_0002607767&amp;locale=fr&nbsp;<\/a><\/pre>\n\n\n\n<pre class=\"wp-block-verse\">Qu\u00e9bec (Province). Minist\u00e8re de l\u2019\u00e9ducation. (1996). <em>Sant\u00e9\u202f: techniques d\u2019orth\u00e8ses visuelles\u202f: programme d\u2019\u00e9tudes, 160.A0<\/em>. <a href=\"https:\/\/cap.banq.qc.ca\/notice?id=p%3A%3Ausmarcdef_0000493546&amp;locale=fr\u00a0\">https:\/\/cap.banq.qc.ca\/notice?id=p%3A%3Ausmarcdef_0000493546&amp;locale=fr&nbsp;<\/a><\/pre>\n\n\n\n<pre class=\"wp-block-verse\">Qu\u00e9bec (Province). Minist\u00e8re de l\u2019\u00e9ducation et de l\u2019enseignement sup\u00e9rieur. (2020). <em>Techniques de physioth\u00e9rapie (144.A1)\u202f: programme d\u2019\u00e9tudes techniques\u202f: secteur 19 - sant\u00e9\u202f: enseignement coll\u00e9gial<\/em>. <a href=\"https:\/\/cap.banq.qc.ca\/notice?id=p%3A%3Ausmarcdef_0006353353&amp;locale=fr\u00a0\">https:\/\/cap.banq.qc.ca\/notice?id=p%3A%3Ausmarcdef_0006353353&amp;locale=fr&nbsp;<\/a><\/pre>\n\n\n\n<pre class=\"wp-block-verse\">Qu\u00e9bec (Province). Minist\u00e8re de l\u2019\u00e9ducation et de l\u2019enseignement sup\u00e9rieur. (2018b). <em>Technologie de radiodiagnostic (142.H0)\u202f: programme d\u2019\u00e9tudes techniques\u202f: secteur 19 - sant\u00e9\u202f: enseignement coll\u00e9gial<\/em>. <a href=\"https:\/\/cap.banq.qc.ca\/notice?id=p%3A%3Ausmarcdef_0006297507&amp;locale=fr\u00a0\">https:\/\/cap.banq.qc.ca\/notice?id=p%3A%3Ausmarcdef_0006297507&amp;locale=fr&nbsp;<\/a><\/pre>\n\n\n\n<pre class=\"wp-block-verse\">Qu\u00e9bec (Province). Minist\u00e8re de l\u2019\u00e9ducation et de l\u2019enseignement sup\u00e9rieur. (2017). <em>Techniques de services financiers et d\u2019assurances (410.F0)\u202f: programme d\u2019\u00e9tudes techniques\u202f: secteur 01 - administration, commerce et informatique\u202f: enseignement coll\u00e9gial<\/em>. <a href=\"https:\/\/cap.banq.qc.ca\/notice?id=p%3A%3Ausmarcdef_0005809698&amp;locale=fr\u00a0\">https:\/\/cap.banq.qc.ca\/notice?id=p%3A%3Ausmarcdef_0005809698&amp;locale=fr&nbsp;<\/a><\/pre>\n\n\n\n<pre class=\"wp-block-verse\">Qu\u00e9bec (Province). Minist\u00e8re de l\u2019\u00e9ducation. (2000a). <em>Alimentation et tourisme\u202f: techniques de tourisme\u202f: programme d\u2019\u00e9tudes, 414.A0<\/em>. <a href=\"https:\/\/cap.banq.qc.ca\/notice?id=p%3A%3Ausmarcdef_0000558418&amp;locale=fr\u00a0\">https:\/\/cap.banq.qc.ca\/notice?id=p%3A%3Ausmarcdef_0000558418&amp;locale=fr&nbsp;<\/a><\/pre>\n","protected":false},"excerpt":{"rendered":"<p>int\u00e9gr\u00e9s \u00e0 Passages Qu\u00e9bec (Province). Formation professionnelle et technique et formation continue. Direction g\u00e9n\u00e9rale des programmes et du d\u00e9veloppement. (2006f). Soins pr\u00e9hospitaliers d\u2019urgence\u202f: programme d\u2019\u00e9tudes&#8230;<\/p>\n<div class=\"more-link-wrapper\"><a class=\"more-link\" href=\"https:\/\/doc.epassages.ca\/index.php\/programmes-de-la-formation-collegiale-technique\/\">Continue reading<span class=\"screen-reader-text\">Programmes de la formation coll\u00e9giale<\/span><\/a><\/div>\n","protected":false},"author":1,"featured_media":0,"parent":0,"menu_order":0,"comment_status":"closed","ping_status":"closed","template":"","meta":{"footnotes":""},"class_list":["post-331","page","type-page","status-publish","hentry","entry"],"_links":{"self":[{"href":"https:\/\/doc.epassages.ca\/index.php\/wp-json\/wp\/v2\/pages\/331","targetHints":{"allow":["GET"]}}],"collection":[{"href":"https:\/\/doc.epassages.ca\/index.php\/wp-json\/wp\/v2\/pages"}],"about":[{"href":"https:\/\/doc.epassages.ca\/index.php\/wp-json\/wp\/v2\/types\/page"}],"author":[{"embeddable":true,"href":"https:\/\/doc.epassages.ca\/index.php\/wp-json\/wp\/v2\/users\/1"}],"replies":[{"embeddable":true,"href":"https:\/\/doc.epassages.ca\/index.php\/wp-json\/wp\/v2\/comments?post=331"}],"version-history":[{"count":9,"href":"https:\/\/doc.epassages.ca\/index.php\/wp-json\/wp\/v2\/pages\/331\/revisions"}],"predecessor-version":[{"id":767,"href":"https:\/\/doc.epassages.ca\/index.php\/wp-json\/wp\/v2\/pages\/331\/revisions\/767"}],"wp:attachment":[{"href":"https:\/\/doc.epassages.ca\/index.php\/wp-json\/wp\/v2\/media?parent=331"}],"curies":[{"name":"wp","href":"https:\/\/api.w.org\/{rel}","templated":true}]}}