{"id":180,"date":"2022-01-11T16:04:22","date_gmt":"2022-01-11T20:04:22","guid":{"rendered":"https:\/\/doc.epassages.ca\/?page_id=180"},"modified":"2022-09-27T13:45:36","modified_gmt":"2022-09-27T18:45:36","slug":"8-1-verifier-ses-documents","status":"publish","type":"page","link":"https:\/\/doc.epassages.ca\/index.php\/8-1-verifier-ses-documents\/","title":{"rendered":"8. Finaliser le portfolio"},"content":{"rendered":"\n<!-- iframe plugin v.6.0 wordpress.org\/plugins\/iframe\/ -->\n<iframe loading=\"lazy\" src=\"https:\/\/uqam.ca.panopto.com\/Panopto\/Pages\/Embed.aspx?id=cc24853d-523b-4e77-a8f9-aeb400fff149&#038;autoplay=false&#038;offerviewer=true&#038;showtitle=false&#038;showbrand=false&#038;captions=false&#038;interactivity=all\" height=\"405\" width=\"720\" style=\"border: 1px solid #464646;\" allowfullscreen scrolling=\"yes\" class=\"iframe-class\" frameborder=\"0\"><\/iframe>\n\n\n\n\n<p class=\"has-text-align-center\">Une fois que vous avez tout fini, quand toutes vos r\u00e9alisations sont finales, \u00e0 ce moment l\u00e0, vous pouvez venir finaliser votre portfolio, pour dire que vous avez bien termin\u00e9 votre portfolio, que tout est bien fait et que vous \u00eates pr\u00eat\u00b7e \u00e0 ce que votre portfolio soit \u00e9valu\u00e9 en vue de la certification.<\/p>\n\n\n\n<p class=\"has-text-align-center\"><br>C&rsquo;est important que vous ayez bien r\u00e9vis\u00e9 vos textes, puis que tout soit correct, parce qu&rsquo;une fois que vous faites \u00e7a, le portfolio va \u00eatre transf\u00e9r\u00e9 \u00e0 l&rsquo;expert\u00b7e, et une fois que le portfolio est transf\u00e9r\u00e9 \u00e0 l&rsquo;expert\u00b7e, vous ne pourrez plus jamais le modifier. Donc, c&rsquo;est important d&rsquo;\u00eatre s\u00fbr\u00b7e quand vous finalisez votre portfolio. La seule chose que vous pouvez faire encore, c&rsquo;est ajouter des documents.<\/p>\n","protected":false},"excerpt":{"rendered":"<p>Une fois que vous avez tout fini, quand toutes vos r\u00e9alisations sont finales, \u00e0 ce moment l\u00e0, vous pouvez venir finaliser votre portfolio, pour dire&#8230;<\/p>\n<div class=\"more-link-wrapper\"><a class=\"more-link\" href=\"https:\/\/doc.epassages.ca\/index.php\/8-1-verifier-ses-documents\/\">Continue reading<span class=\"screen-reader-text\">8. Finaliser le portfolio<\/span><\/a><\/div>\n","protected":false},"author":1,"featured_media":0,"parent":0,"menu_order":0,"comment_status":"closed","ping_status":"closed","template":"","meta":{"footnotes":""},"class_list":["post-180","page","type-page","status-publish","hentry","entry"],"_links":{"self":[{"href":"https:\/\/doc.epassages.ca\/index.php\/wp-json\/wp\/v2\/pages\/180","targetHints":{"allow":["GET"]}}],"collection":[{"href":"https:\/\/doc.epassages.ca\/index.php\/wp-json\/wp\/v2\/pages"}],"about":[{"href":"https:\/\/doc.epassages.ca\/index.php\/wp-json\/wp\/v2\/types\/page"}],"author":[{"embeddable":true,"href":"https:\/\/doc.epassages.ca\/index.php\/wp-json\/wp\/v2\/users\/1"}],"replies":[{"embeddable":true,"href":"https:\/\/doc.epassages.ca\/index.php\/wp-json\/wp\/v2\/comments?post=180"}],"version-history":[{"count":6,"href":"https:\/\/doc.epassages.ca\/index.php\/wp-json\/wp\/v2\/pages\/180\/revisions"}],"predecessor-version":[{"id":749,"href":"https:\/\/doc.epassages.ca\/index.php\/wp-json\/wp\/v2\/pages\/180\/revisions\/749"}],"wp:attachment":[{"href":"https:\/\/doc.epassages.ca\/index.php\/wp-json\/wp\/v2\/media?parent=180"}],"curies":[{"name":"wp","href":"https:\/\/api.w.org\/{rel}","templated":true}]}}