{"id":168,"date":"2022-01-11T16:02:24","date_gmt":"2022-01-11T20:02:24","guid":{"rendered":"https:\/\/doc.epassages.ca\/?page_id=168"},"modified":"2022-09-27T13:41:06","modified_gmt":"2022-09-27T18:41:06","slug":"6-5-gerer-les-documents","status":"publish","type":"page","link":"https:\/\/doc.epassages.ca\/index.php\/6-5-gerer-les-documents\/","title":{"rendered":"6.5 G\u00e9rer les documents"},"content":{"rendered":"\n<!-- iframe plugin v.6.0 wordpress.org\/plugins\/iframe\/ -->\n<iframe loading=\"lazy\" src=\"https:\/\/uqam.ca.panopto.com\/Panopto\/Pages\/Embed.aspx?id=f475c96b-71f0-4080-8bb7-aeb400ffdc2e&#038;autoplay=false&#038;offerviewer=true&#038;showtitle=false&#038;showbrand=false&#038;captions=false&#038;interactivity=all\" height=\"405\" width=\"720\" style=\"border: 1px solid #464646;\" allowfullscreen scrolling=\"yes\" class=\"iframe-class\" frameborder=\"0\"><\/iframe>\n\n\n\n\n<p class=\"has-text-align-center\">Trier les documents. Parce qu&rsquo;une fois qu&rsquo;on a des documents qui sont associ\u00e9s, quand j&rsquo;ai plus qu&rsquo;un document associ\u00e9 \u00e0 une r\u00e9alisation, \u00e7a veut dire que je peux changer l&rsquo;ordre de ces documents l\u00e0 avec la petite fl\u00e8che vers le haut et vers le bas.<\/p>\n","protected":false},"excerpt":{"rendered":"<p>Trier les documents. Parce qu&rsquo;une fois qu&rsquo;on a des documents qui sont associ\u00e9s, quand j&rsquo;ai plus qu&rsquo;un document associ\u00e9 \u00e0 une r\u00e9alisation, \u00e7a veut dire&#8230;<\/p>\n<div class=\"more-link-wrapper\"><a class=\"more-link\" href=\"https:\/\/doc.epassages.ca\/index.php\/6-5-gerer-les-documents\/\">Continue reading<span class=\"screen-reader-text\">6.5 G\u00e9rer les documents<\/span><\/a><\/div>\n","protected":false},"author":1,"featured_media":0,"parent":0,"menu_order":0,"comment_status":"closed","ping_status":"closed","template":"","meta":{"footnotes":""},"class_list":["post-168","page","type-page","status-publish","hentry","entry"],"_links":{"self":[{"href":"https:\/\/doc.epassages.ca\/index.php\/wp-json\/wp\/v2\/pages\/168","targetHints":{"allow":["GET"]}}],"collection":[{"href":"https:\/\/doc.epassages.ca\/index.php\/wp-json\/wp\/v2\/pages"}],"about":[{"href":"https:\/\/doc.epassages.ca\/index.php\/wp-json\/wp\/v2\/types\/page"}],"author":[{"embeddable":true,"href":"https:\/\/doc.epassages.ca\/index.php\/wp-json\/wp\/v2\/users\/1"}],"replies":[{"embeddable":true,"href":"https:\/\/doc.epassages.ca\/index.php\/wp-json\/wp\/v2\/comments?post=168"}],"version-history":[{"count":6,"href":"https:\/\/doc.epassages.ca\/index.php\/wp-json\/wp\/v2\/pages\/168\/revisions"}],"predecessor-version":[{"id":744,"href":"https:\/\/doc.epassages.ca\/index.php\/wp-json\/wp\/v2\/pages\/168\/revisions\/744"}],"wp:attachment":[{"href":"https:\/\/doc.epassages.ca\/index.php\/wp-json\/wp\/v2\/media?parent=168"}],"curies":[{"name":"wp","href":"https:\/\/api.w.org\/{rel}","templated":true}]}}