{"id":155,"date":"2022-01-11T15:59:25","date_gmt":"2022-01-11T19:59:25","guid":{"rendered":"https:\/\/doc.epassages.ca\/?page_id=155"},"modified":"2022-09-27T13:33:38","modified_gmt":"2022-09-27T18:33:38","slug":"5-2-les-niveaux-dexpertise","status":"publish","type":"page","link":"https:\/\/doc.epassages.ca\/index.php\/5-2-les-niveaux-dexpertise\/","title":{"rendered":"5.1 Les niveaux d&rsquo;expertise"},"content":{"rendered":"\n<!-- iframe plugin v.6.0 wordpress.org\/plugins\/iframe\/ -->\n<iframe loading=\"lazy\" src=\"https:\/\/uqam.ca.panopto.com\/Panopto\/Pages\/Embed.aspx?id=93a5a172-5c71-4f7b-8689-aeb400ff63b5&#038;autoplay=false&#038;offerviewer=true&#038;showtitle=false&#038;showbrand=false&#038;captions=false&#038;interactivity=all\" height=\"405\" width=\"720\" style=\"border: 1px solid #464646;\" allowfullscreen scrolling=\"yes\" class=\"iframe-class\" frameborder=\"0\"><\/iframe>\n\n\n\n\n<p class=\"has-text-align-center\">Un petit \u00e9l\u00e9ment qui serait bien d&rsquo;ajouter \u00e0 propos des niveaux d&rsquo;expertise, c&rsquo;est que si vous descendez pour voir un petit peu plus bas, vous avez les niveaux d&rsquo;expertise qui ont \u00e9t\u00e9 d\u00e9clar\u00e9s. \u00c7a vous donne le nombre de points que vous avez accumul\u00e9 pour chaque<br>r\u00e9alisation, le nombre de points total et le nombre de cr\u00e9dits.<br><\/p>\n\n\n\n<p class=\"has-text-align-center\">Si vous descendez plus bas, vous avez les crit\u00e8res d&rsquo;\u00e9valuation. Qu&rsquo;est ce qui fait qu&rsquo;un niveau va \u00eatre identifi\u00e9 comme suffisant avec cinq points ; partiels avec trois points ; ou absent avec z\u00e9ro point. Puis vous avez aussi une \u00e9chelle d&rsquo;attribution, donc d\u00e9pendant du nombre des cr\u00e9dits que vous voulez, combien de points \u00e7a vous prend pour l&rsquo;atteindre.<\/p>\n","protected":false},"excerpt":{"rendered":"<p>Un petit \u00e9l\u00e9ment qui serait bien d&rsquo;ajouter \u00e0 propos des niveaux d&rsquo;expertise, c&rsquo;est que si vous descendez pour voir un petit peu plus bas, vous&#8230;<\/p>\n<div class=\"more-link-wrapper\"><a class=\"more-link\" href=\"https:\/\/doc.epassages.ca\/index.php\/5-2-les-niveaux-dexpertise\/\">Continue reading<span class=\"screen-reader-text\">5.1 Les niveaux d&rsquo;expertise<\/span><\/a><\/div>\n","protected":false},"author":1,"featured_media":0,"parent":0,"menu_order":0,"comment_status":"closed","ping_status":"closed","template":"","meta":{"footnotes":""},"class_list":["post-155","page","type-page","status-publish","hentry","entry"],"_links":{"self":[{"href":"https:\/\/doc.epassages.ca\/index.php\/wp-json\/wp\/v2\/pages\/155","targetHints":{"allow":["GET"]}}],"collection":[{"href":"https:\/\/doc.epassages.ca\/index.php\/wp-json\/wp\/v2\/pages"}],"about":[{"href":"https:\/\/doc.epassages.ca\/index.php\/wp-json\/wp\/v2\/types\/page"}],"author":[{"embeddable":true,"href":"https:\/\/doc.epassages.ca\/index.php\/wp-json\/wp\/v2\/users\/1"}],"replies":[{"embeddable":true,"href":"https:\/\/doc.epassages.ca\/index.php\/wp-json\/wp\/v2\/comments?post=155"}],"version-history":[{"count":6,"href":"https:\/\/doc.epassages.ca\/index.php\/wp-json\/wp\/v2\/pages\/155\/revisions"}],"predecessor-version":[{"id":736,"href":"https:\/\/doc.epassages.ca\/index.php\/wp-json\/wp\/v2\/pages\/155\/revisions\/736"}],"wp:attachment":[{"href":"https:\/\/doc.epassages.ca\/index.php\/wp-json\/wp\/v2\/media?parent=155"}],"curies":[{"name":"wp","href":"https:\/\/api.w.org\/{rel}","templated":true}]}}