{"id":130,"date":"2022-01-11T15:40:23","date_gmt":"2022-01-11T19:40:23","guid":{"rendered":"https:\/\/doc.epassages.ca\/?page_id=130"},"modified":"2022-09-27T13:32:23","modified_gmt":"2022-09-27T18:32:23","slug":"4-6-le-resume-les-fonctions","status":"publish","type":"page","link":"https:\/\/doc.epassages.ca\/index.php\/4-6-le-resume-les-fonctions\/","title":{"rendered":"4.6. Le r\u00e9sum\u00e9 et les fonctions"},"content":{"rendered":"\n<!-- iframe plugin v.6.0 wordpress.org\/plugins\/iframe\/ -->\n<iframe loading=\"lazy\" src=\"https:\/\/uqam.ca.panopto.com\/Panopto\/Pages\/Embed.aspx?id=94a145e7-7553-4d5c-9776-aeb400ff4bf5&#038;autoplay=false&#038;offerviewer=true&#038;showtitle=false&#038;showbrand=false&#038;captions=false&#038;interactivity=all\" height=\"405\" width=\"720\" style=\"border: 1px solid #464646;\" allowfullscreen scrolling=\"yes\" class=\"iframe-class\" frameborder=\"0\"><\/iframe>\n\n\n\n\n<p class=\"has-text-align-center\">Dans mon r\u00e9sum\u00e9,  on voit que j&rsquo;ai mis la comp\u00e9tence num\u00e9ro 7, j&rsquo;ai mis un niveau d&rsquo;expertise D, j&rsquo;ai un nouveau savoir, j&rsquo;ai un nouveau savoir \u00eatre. Tout \u00e7a, va se r\u00e9percuter dans la liste des comp\u00e9tences. Vous voyez que la 7 est coch\u00e9e . Dans la liste des \u00ab\u00a0Savoirs\u00a0\u00bb, effectivement mon savoir est l\u00e0. Dans mon savoir-\u00eatre, j&rsquo;ai aussi inscris mon niveau d&rsquo;expertise. Donc on voit un niveau D pour la r\u00e9alisation num\u00e9ro 1.<br><\/p>\n\n\n\n<p class=\"has-text-align-center\">Et chose importante \u00e0 voir, c&rsquo;est que quand on va dans ces divers rapports l\u00e0, on peut toujours retrouver les savoirs. Si je clique, \u00e7a va me permettre, de retrouver ou j&rsquo;ai ins\u00e9r\u00e9<br>ce savoir l\u00e0. Donc, \u00e7a va dans les deux sens.<\/p>\n","protected":false},"excerpt":{"rendered":"<p>Dans mon r\u00e9sum\u00e9, on voit que j&rsquo;ai mis la comp\u00e9tence num\u00e9ro 7, j&rsquo;ai mis un niveau d&rsquo;expertise D, j&rsquo;ai un nouveau savoir, j&rsquo;ai un nouveau&#8230;<\/p>\n<div class=\"more-link-wrapper\"><a class=\"more-link\" href=\"https:\/\/doc.epassages.ca\/index.php\/4-6-le-resume-les-fonctions\/\">Continue reading<span class=\"screen-reader-text\">4.6. Le r\u00e9sum\u00e9 et les fonctions<\/span><\/a><\/div>\n","protected":false},"author":1,"featured_media":0,"parent":0,"menu_order":0,"comment_status":"closed","ping_status":"closed","template":"","meta":{"footnotes":""},"class_list":["post-130","page","type-page","status-publish","hentry","entry"],"_links":{"self":[{"href":"https:\/\/doc.epassages.ca\/index.php\/wp-json\/wp\/v2\/pages\/130","targetHints":{"allow":["GET"]}}],"collection":[{"href":"https:\/\/doc.epassages.ca\/index.php\/wp-json\/wp\/v2\/pages"}],"about":[{"href":"https:\/\/doc.epassages.ca\/index.php\/wp-json\/wp\/v2\/types\/page"}],"author":[{"embeddable":true,"href":"https:\/\/doc.epassages.ca\/index.php\/wp-json\/wp\/v2\/users\/1"}],"replies":[{"embeddable":true,"href":"https:\/\/doc.epassages.ca\/index.php\/wp-json\/wp\/v2\/comments?post=130"}],"version-history":[{"count":7,"href":"https:\/\/doc.epassages.ca\/index.php\/wp-json\/wp\/v2\/pages\/130\/revisions"}],"predecessor-version":[{"id":734,"href":"https:\/\/doc.epassages.ca\/index.php\/wp-json\/wp\/v2\/pages\/130\/revisions\/734"}],"wp:attachment":[{"href":"https:\/\/doc.epassages.ca\/index.php\/wp-json\/wp\/v2\/media?parent=130"}],"curies":[{"name":"wp","href":"https:\/\/api.w.org\/{rel}","templated":true}]}}