{"id":126,"date":"2022-01-11T15:39:21","date_gmt":"2022-01-11T19:39:21","guid":{"rendered":"https:\/\/doc.epassages.ca\/?page_id=126"},"modified":"2022-09-27T13:22:01","modified_gmt":"2022-09-27T18:22:01","slug":"4-4-les-etiquettes","status":"publish","type":"page","link":"https:\/\/doc.epassages.ca\/index.php\/4-4-les-etiquettes\/","title":{"rendered":"4.4 Les \u00e9tiquettes"},"content":{"rendered":"\n<p class=\"has-text-align-center\"><em>Les \u00e9tiquettes jouent un r\u00f4le central. L&rsquo;analyse du texte se fait par l&rsquo;association d&rsquo;\u00e9tiquettes \u00e0 certains passages du texte. Ces \u00e9tiquettes d\u00e9finissent le type d&rsquo;analyse :<\/em><\/p>\n\n\n\n<ul class=\"has-text-color wp-block-list\" style=\"color:#213882\"><li>Comp\u00e9tence<\/li><li>Comp\u00e9tence associ\u00e9e<\/li><li>Savoir<\/li><li>Savoir-\u00eatre<\/li><li>Terme sp\u00e9cialis\u00e9<\/li><li>Zone d&rsquo;explicitation<\/li><li>Niveau d&rsquo;expertise<\/li><\/ul>\n\n\n\n<p class=\"has-text-align-center\">Ces \u00e9tiquettes vont se retrouver dans l&rsquo;onglet r\u00e9sum\u00e9 ainsi que dans les diverses pages qui portent ces noms et qui sont accessibles en tout temps dans le menu de navigation,<\/p>\n\n\n\n<h3 class=\"has-text-align-center wp-block-heading\">NOTE IMPORTANTE !<\/h3>\n\n\n\n<p class=\"has-text-align-center\"><em>Les \u00e9tiquettes doivent cibler des portions sp\u00e9cifiques de texte.<br>Ne pas \u00e9tiquetter de paragraphes complet mais plut\u00f4t le passage le plus pertinent.<\/em><\/p>\n\n\n\n<ul class=\"has-text-color wp-block-list\" style=\"color:#213882\"><li>2 \u00e9tiquettes ne peuvent se chevaucher ou se croiser.<\/li><li>Une \u00e9tiquette ne peut chevaucher 2 paragraphes<\/li><\/ul>\n\n\n<div class=\"wp-block-image\">\n<figure class=\"aligncenter\"><img decoding=\"async\" src=\"https:\/\/epassages.ca\/static\/screenshots\/editor_tag_comp_sm.png\" alt=\"\"\/><\/figure>\n<\/div>\n\n<div class=\"wp-block-image\">\n<figure class=\"aligncenter\"><img decoding=\"async\" src=\"https:\/\/epassages.ca\/static\/screenshots\/editor_tag_savoir_sm.png\" alt=\"\"\/><\/figure>\n<\/div>\n\n<div class=\"wp-block-image\">\n<figure class=\"aligncenter\"><img decoding=\"async\" src=\"https:\/\/epassages.ca\/static\/screenshots\/editor_tag_niveau_sm.png\" alt=\"\"\/><\/figure>\n<\/div>\n\n\n<p class=\"has-text-align-center\">******************<\/p>\n\n\n\n<p class=\"has-text-align-center\"><em>Chaque bouton permettant de cr\u00e9er ces \u00e9tiquettes va r\u00e9v\u00e9ler son nom lorsque la souris s&rsquo;arr\u00eate au dessus.<\/em><\/p>\n\n\n<div class=\"wp-block-image\">\n<figure class=\"aligncenter\"><img decoding=\"async\" src=\"https:\/\/epassages.ca\/static\/screenshots\/editor_tooltip_sm.png\" alt=\"\"\/><\/figure>\n<\/div>\n\n\n<p class=\"has-text-align-center\">******************<\/p>\n\n\n\n<p class=\"has-text-align-center\"><em>Il est possible de supprimer plusieurs \u00e9tiquettes en utilisant l&rsquo;efface de style. Ceci est utile pour corriger des erreurs d&rsquo;\u00e9tiquetage.<\/em><\/p>\n\n\n<div class=\"wp-block-image\">\n<figure class=\"aligncenter\"><img decoding=\"async\" src=\"https:\/\/epassages.ca\/static\/screenshots\/editor_erase_sm.png\" alt=\"\"\/><\/figure>\n<\/div>\n\n\n<p class=\"has-text-align-center\">******************<\/p>\n\n\n\n<p class=\"has-text-align-center\"><em>Il est aussi possible de voir le texte sans ses \u00e9tiquettes<\/em>.<\/p>\n\n\n<div class=\"wp-block-image\">\n<figure class=\"aligncenter\"><img decoding=\"async\" src=\"https:\/\/epassages.ca\/static\/screenshots\/editor_texte_seul_sm.png\" alt=\"\"\/><\/figure>\n<\/div>\n\n\n<p class=\"has-text-align-center\">******************<\/p>\n\n\n\n<p class=\"has-text-align-center\"><\/p>\n\n\n\n<!-- iframe plugin v.6.0 wordpress.org\/plugins\/iframe\/ -->\n<iframe loading=\"lazy\" src=\"https:\/\/uqam.ca.panopto.com\/Panopto\/Pages\/Embed.aspx?id=b7820bc8-d44d-490b-8ea3-aeb400ff2002&#038;autoplay=false&#038;offerviewer=true&#038;showtitle=false&#038;showbrand=false&#038;captions=false&#038;interactivity=all\" height=\"405\" width=\"720\" style=\"border: 1px solid #464646;\" allowfullscreen scrolling=\"yes\" class=\"iframe-class\" frameborder=\"0\"><\/iframe>\n\n\n\n\n<p class=\"has-text-align-center\">\u00c7a se passe de plusieurs fa\u00e7ons. D&rsquo;abord et avant tout, on va pouvoir cibler des comp\u00e9tences. J&rsquo;ai s\u00e9lectionn\u00e9 le texte, j&rsquo;ai cliqu\u00e9 sur l&rsquo;outil \u00ab\u00a0Comp\u00e9tence\u00a0\u00bb et \u00e7a m&rsquo;a permis de d\u00e9finir cette comp\u00e9tence. Et quand je clique dessus, je vois effectivement que c&rsquo;est cette comp\u00e9tence l\u00e0 qui a \u00e9t\u00e9 d\u00e9finie. Je pourrais la supprimer, je peux la modifier. Et je vais encore une fois enregistrer.<\/p>\n\n\n\n<p class=\"has-text-align-center\"> Et on remarque que quand j&rsquo;enregistre, il y a un petit ruban qui me confirme que j&rsquo;ai bel et bien enregistr\u00e9. C&rsquo;est super important de voir \u00e7a. Si jamais vous cliquez \u00ab\u00a0Enregistrer\u00a0\u00bb et que vous ne voyez pas ce ruban l\u00e0 apparaitre, c&rsquo;est parce qu&rsquo;il y a un probl\u00e8me. A ce moment l\u00e0, je vous invite \u00e0 m&rsquo;en faire part le plus rapidement possible.<br><\/p>\n\n\n\n<p class=\"has-text-align-center\">Ensuite de \u00e7a, on peut mettre des savoir \u00eatre. Le but n&rsquo;est pas d&rsquo;expliquer c&rsquo;est quoi ce savoir-\u00eatre, tout le monde sait pas mal ce que c&rsquo;est. L&rsquo;id\u00e9e, c&rsquo;est de voir comment vous avez \u00e9t\u00e9 amen\u00e9 \u00e0 le d\u00e9velopper. La couleur correspond toujours \u00e0 l&rsquo;outil. <\/p>\n\n\n\n<p class=\"has-text-align-center\">On n&rsquo;est pas toujours oblig\u00e9\u00b7es de cliquer \u00ab\u00a0Enregistrer\u00a0\u00bb. On peut utiliser les raccourcis de clavier habituels \u00ab\u00a0CTRL+S\u00a0\u00bb ou \u00ab\u00a0CMD+S\u00a0\u00bb, \u00e7a fonctionne aussi bien, quand on est dans l&rsquo;\u00e9diteur. <\/p>\n\n\n\n<p class=\"has-text-align-center\">Et finalement, un niveau d&rsquo;expertise. Qu&rsquo;est ce qui se passe? J&rsquo;ai un message d&rsquo;erreur.<br>\u00ab\u00a0Il y a un probl\u00e8me avec certaines \u00e9tiquettes. Il y a 2 \u00e9tiquettes superpos\u00e9es dans le passage suivant.\u00a0\u00bb Effectivement, mon niveau empi\u00e8te sur sur le savoir que j&rsquo;avais mis \u00e0 c\u00f4t\u00e9. C&rsquo;est un probl\u00e8me parce que le but des \u00e9tiquettes, c&rsquo;est d&rsquo;avoir une repr\u00e9sentation visuelle. Puis on voit ici, qu&rsquo;est ce que \u00e7a donne? C&rsquo;est que l\u00e0, c&rsquo;est ni vert ni orange. Donc, ce qui fait que l&rsquo;on perd la r\u00e9f\u00e9rence visuelle, et on se retrouve avec une couleur terne. Donc, qu&rsquo;est ce que je vais faire? Je vais plut\u00f4t essayer de l&rsquo;enlever, puis l\u00e0, on voit bien que \u00e7a pose probl\u00e8me. Donc je vais supprimer \u00e7a ici. Alors je vais tout simplement enlever mon savoir. Vous voyez que quand on commence \u00e0 jouer avec ces affaires l\u00e0, ce n&rsquo;est pas long que les choses se compliquent inutilement.<br><\/p>\n\n\n\n<p class=\"has-text-align-center\">\u00c9vitez de superposer des \u00e9tiquettes. \u00c0 chaque fois que vous avez un message d&rsquo;erreur ici \u00e0 propos des \u00e9tiquettes, il faut en prendre connaissance parce que \u00e7a veut dire qu&rsquo;il y a quelque chose que vous n&rsquo;avez pas bien fait par rapport au r\u00e8glement indiquant comment les \u00e9tiquettes doivent \u00eatre utilis\u00e9es.<\/p>\n","protected":false},"excerpt":{"rendered":"<p>Les \u00e9tiquettes jouent un r\u00f4le central. L&rsquo;analyse du texte se fait par l&rsquo;association d&rsquo;\u00e9tiquettes \u00e0 certains passages du texte. Ces \u00e9tiquettes d\u00e9finissent le type d&rsquo;analyse&#8230;<\/p>\n<div class=\"more-link-wrapper\"><a class=\"more-link\" href=\"https:\/\/doc.epassages.ca\/index.php\/4-4-les-etiquettes\/\">Continue reading<span class=\"screen-reader-text\">4.4 Les \u00e9tiquettes<\/span><\/a><\/div>\n","protected":false},"author":1,"featured_media":0,"parent":0,"menu_order":0,"comment_status":"closed","ping_status":"closed","template":"","meta":{"footnotes":""},"class_list":["post-126","page","type-page","status-publish","hentry","entry"],"_links":{"self":[{"href":"https:\/\/doc.epassages.ca\/index.php\/wp-json\/wp\/v2\/pages\/126","targetHints":{"allow":["GET"]}}],"collection":[{"href":"https:\/\/doc.epassages.ca\/index.php\/wp-json\/wp\/v2\/pages"}],"about":[{"href":"https:\/\/doc.epassages.ca\/index.php\/wp-json\/wp\/v2\/types\/page"}],"author":[{"embeddable":true,"href":"https:\/\/doc.epassages.ca\/index.php\/wp-json\/wp\/v2\/users\/1"}],"replies":[{"embeddable":true,"href":"https:\/\/doc.epassages.ca\/index.php\/wp-json\/wp\/v2\/comments?post=126"}],"version-history":[{"count":9,"href":"https:\/\/doc.epassages.ca\/index.php\/wp-json\/wp\/v2\/pages\/126\/revisions"}],"predecessor-version":[{"id":732,"href":"https:\/\/doc.epassages.ca\/index.php\/wp-json\/wp\/v2\/pages\/126\/revisions\/732"}],"wp:attachment":[{"href":"https:\/\/doc.epassages.ca\/index.php\/wp-json\/wp\/v2\/media?parent=126"}],"curies":[{"name":"wp","href":"https:\/\/api.w.org\/{rel}","templated":true}]}}