{"id":122,"date":"2022-01-11T15:38:43","date_gmt":"2022-01-11T19:38:43","guid":{"rendered":"https:\/\/doc.epassages.ca\/?page_id=122"},"modified":"2022-09-27T13:12:14","modified_gmt":"2022-09-27T18:12:14","slug":"4-2-la-corrections-linguistique","status":"publish","type":"page","link":"https:\/\/doc.epassages.ca\/index.php\/4-2-la-corrections-linguistique\/","title":{"rendered":"4.2 La correction linguistique"},"content":{"rendered":"\n<!-- iframe plugin v.6.0 wordpress.org\/plugins\/iframe\/ -->\n<iframe loading=\"lazy\" src=\"https:\/\/uqam.ca.panopto.com\/Panopto\/Pages\/Embed.aspx?id=550de52d-1026-48d7-931c-aeb400ff0cba&#038;autoplay=false&#038;offerviewer=true&#038;showtitle=false&#038;showbrand=false&#038;captions=false&#038;interactivity=all\" height=\"405\" width=\"720\" style=\"border: 1px solid #464646;\" allowfullscreen scrolling=\"yes\" class=\"iframe-class\" frameborder=\"0\"><\/iframe>\n\n\n\n\n<p class=\"has-text-align-center\">Il est important de rapidement d\u00e9velopper une m\u00e9thode pour \u00eatre en mesure de r\u00e9viser l&rsquo;orthographe \u00e0 l&rsquo;int\u00e9rieur de <em>Passages<\/em>. Il est tout \u00e0 fait possible d&rsquo;utiliser des outils de correction comme <em>Antidote<\/em>. Dans ce cas-ci, je vais utiliser un outil qui s&rsquo;appelle <em>Scribens<\/em> qui est moins connu, mais aussi gratuit : <a href=\"https:\/\/www.scribens.fr\" target=\"_blank\" rel=\"noreferrer noopener\">https:\/\/www.scribens.fr<\/a>.<br><\/p>\n\n\n\n<p>Proc\u00e9dure pour <em>Antidote<\/em> : <a href=\"https:\/\/www.antidote.info\/fr\/antidote-web\/documentation\/guide-de-demarrage\/correction-d-un-texte-depuis-une-autre-fenetre-de-votre-navigateur\" target=\"_blank\" rel=\"noreferrer noopener\">https:\/\/www.antidote.info\/fr\/antidote-web\/documentation\/guide-de-demarrage\/correction-d-un-texte-depuis-une-autre-fenetre-de-votre-navigateur<\/a><\/p>\n","protected":false},"excerpt":{"rendered":"<p>Il est important de rapidement d\u00e9velopper une m\u00e9thode pour \u00eatre en mesure de r\u00e9viser l&rsquo;orthographe \u00e0 l&rsquo;int\u00e9rieur de Passages. Il est tout \u00e0 fait possible&#8230;<\/p>\n<div class=\"more-link-wrapper\"><a class=\"more-link\" href=\"https:\/\/doc.epassages.ca\/index.php\/4-2-la-corrections-linguistique\/\">Continue reading<span class=\"screen-reader-text\">4.2 La correction linguistique<\/span><\/a><\/div>\n","protected":false},"author":1,"featured_media":0,"parent":0,"menu_order":0,"comment_status":"closed","ping_status":"closed","template":"","meta":{"footnotes":""},"class_list":["post-122","page","type-page","status-publish","hentry","entry"],"_links":{"self":[{"href":"https:\/\/doc.epassages.ca\/index.php\/wp-json\/wp\/v2\/pages\/122","targetHints":{"allow":["GET"]}}],"collection":[{"href":"https:\/\/doc.epassages.ca\/index.php\/wp-json\/wp\/v2\/pages"}],"about":[{"href":"https:\/\/doc.epassages.ca\/index.php\/wp-json\/wp\/v2\/types\/page"}],"author":[{"embeddable":true,"href":"https:\/\/doc.epassages.ca\/index.php\/wp-json\/wp\/v2\/users\/1"}],"replies":[{"embeddable":true,"href":"https:\/\/doc.epassages.ca\/index.php\/wp-json\/wp\/v2\/comments?post=122"}],"version-history":[{"count":6,"href":"https:\/\/doc.epassages.ca\/index.php\/wp-json\/wp\/v2\/pages\/122\/revisions"}],"predecessor-version":[{"id":727,"href":"https:\/\/doc.epassages.ca\/index.php\/wp-json\/wp\/v2\/pages\/122\/revisions\/727"}],"wp:attachment":[{"href":"https:\/\/doc.epassages.ca\/index.php\/wp-json\/wp\/v2\/media?parent=122"}],"curies":[{"name":"wp","href":"https:\/\/api.w.org\/{rel}","templated":true}]}}