{"id":120,"date":"2022-01-11T15:38:29","date_gmt":"2022-01-11T19:38:29","guid":{"rendered":"https:\/\/doc.epassages.ca\/?page_id=120"},"modified":"2022-09-27T13:11:11","modified_gmt":"2022-09-27T18:11:11","slug":"4-1-len-tete-et-les-sections-onglets","status":"publish","type":"page","link":"https:\/\/doc.epassages.ca\/index.php\/4-1-len-tete-et-les-sections-onglets\/","title":{"rendered":"4.1 L&rsquo;En-t\u00eate et les sections \/ onglets"},"content":{"rendered":"\n<!-- iframe plugin v.6.0 wordpress.org\/plugins\/iframe\/ -->\n<iframe loading=\"lazy\" src=\"https:\/\/uqam.ca.panopto.com\/Panopto\/Pages\/Embed.aspx?id=d47f0853-af33-4044-a3d3-aeb400fef273&#038;autoplay=false&#038;offerviewer=true&#038;showtitle=false&#038;showbrand=false&#038;captions=false&#038;interactivity=all\" height=\"405\" width=\"720\" style=\"border: 1px solid #464646;\" allowfullscreen scrolling=\"yes\" class=\"iframe-class\" frameborder=\"0\"><\/iframe>\n\n\n\n\n<p class=\"has-text-align-center\">La grande majorit\u00e9 du travail va se passer dans ce qu&rsquo;on appelle l&rsquo;\u00e9diteur. Si jamais votre \u00e9cran est petit et que vous avez l&rsquo;impression que vous manquez d&rsquo;espace, il est possible de faire basculer le menu, de le masquer et de le ramener au besoin.<br><\/p>\n\n\n\n<p class=\"has-text-align-center\">Quand on regarde la r\u00e9alisation, on voit d&rsquo;abord le num\u00e9ro de la r\u00e9alisation, le titre, la comp\u00e9tence cibl\u00e9e et ensuite on a quatre onglets.<\/p>\n\n\n\n<p class=\"has-text-align-center\">L&rsquo;onglet de la pertinence, qui explique  pourquoi vous avez choisi cette r\u00e9alisation dans votre portfolio. La partie des \u00e9l\u00e9ments cl\u00e9s doit \u00eatre tr\u00e8s courte, pas plus de 120 mots, donne les<br>\u00e9l\u00e9ments principaux de la r\u00e9alisation et le d\u00e9roulement ou vous allez d\u00e9velopper votre texte, votre de r\u00e9alisation, puis \u00e9ventuellement l&rsquo;analyser par le biais des \u00e9tiquettes.<\/p>\n\n\n\n<p class=\"has-text-align-center\">Il y a aussi un onglet r\u00e9sum\u00e9, il comporte trois menus superpos\u00e9s et rien d&rsquo;autre. Mais \u00e0 mesure que vous allez d\u00e9velopper l&rsquo;analyse de votre r\u00e9alisation, il y a des \u00e9l\u00e9ments qui vont appara\u00eetre en dessous. Mais pour l&rsquo;instant, il y a quand m\u00eame des commandes. Toutes les commandes qui sont li\u00e9es \u00e0 la modification d&rsquo;une r\u00e9alisation dans sa globalit\u00e9 se trouvent ici dans l&rsquo;onglet R\u00e9sum\u00e9. Changer le num\u00e9ro, modifier la comp\u00e9tence cl\u00e9 renommer le titre, la supprimer. <\/p>\n\n\n\n<p class=\"has-text-align-center\">Vous pouvez soumettre une version. \u00c7a va \u00eatre important parce que quand vous pensez que votre r\u00e9alisation est pr\u00eate pour \u00eatre r\u00e9vis\u00e9e, c&rsquo;est la mani\u00e8re dont vous allez avertir votre r\u00e9viseur\u00b7se, en soumettant une version. Vous pouvez inclure un message, poser des questions ou des pr\u00e9cisions. Puis cliquer, \u00ab\u00a0Soumettre une version\u00a0\u00bb. Si vous faites \u00e7a \u00e0 ce moment l\u00e0, la r\u00e9alisation va maintenant avoir le statut soumise. Quand vous faites \u00e7a, vous revenez \u00e0 votre page de d\u00e9part, et vous devez \u00eatre en mesure de valider que la r\u00e9alisation a bien le statut de soumise et n&rsquo;est plus en esquisse.<\/p>\n\n\n\n<p class=\"has-text-align-center\">Revoir le questionnaire, \u00ab\u00a0annuler le dernier enregistrement\u00a0\u00bb. Normalement, c&rsquo;est une fonction dont, id\u00e9alement, vous ne vous servirez jamais. Mais si jamais il arrivait un accident o\u00f9 vous effacez tout votre texte, vous perdez tout, vous n&rsquo;\u00eates pas capable de revenir en arri\u00e8re, vous pouvez annuler le dernier enregistrement, puis effectivement, revenir en arri\u00e8re. Mais comme vous voyez, vous allez avoir un message qui vous demande si vous \u00eates bien certain\u00b7e. Ce n&rsquo;est pas une fonction qui devrait \u00eatre utilis\u00e9e dans un contexte normal. C&rsquo;est vraiment juste quand il est arriv\u00e9 un genre de drame.<\/p>\n\n\n\n<p class=\"has-text-align-center\">Puis vous avez aussi : \u00ab\u00a0lecteur\u00a0\u00bb \u00ab\u00a0imprimer\u00a0\u00bb ou \u00ab\u00a0exporter en PDF\u00a0\u00bb qui permet de voir la r\u00e9alisation un peu comme si c&rsquo;\u00e9tait seulement du texte.<\/p>\n","protected":false},"excerpt":{"rendered":"<p>La grande majorit\u00e9 du travail va se passer dans ce qu&rsquo;on appelle l&rsquo;\u00e9diteur. Si jamais votre \u00e9cran est petit et que vous avez l&rsquo;impression que&#8230;<\/p>\n<div class=\"more-link-wrapper\"><a class=\"more-link\" href=\"https:\/\/doc.epassages.ca\/index.php\/4-1-len-tete-et-les-sections-onglets\/\">Continue reading<span class=\"screen-reader-text\">4.1 L&rsquo;En-t\u00eate et les sections \/ onglets<\/span><\/a><\/div>\n","protected":false},"author":1,"featured_media":0,"parent":0,"menu_order":0,"comment_status":"closed","ping_status":"closed","template":"","meta":{"footnotes":""},"class_list":["post-120","page","type-page","status-publish","hentry","entry"],"_links":{"self":[{"href":"https:\/\/doc.epassages.ca\/index.php\/wp-json\/wp\/v2\/pages\/120","targetHints":{"allow":["GET"]}}],"collection":[{"href":"https:\/\/doc.epassages.ca\/index.php\/wp-json\/wp\/v2\/pages"}],"about":[{"href":"https:\/\/doc.epassages.ca\/index.php\/wp-json\/wp\/v2\/types\/page"}],"author":[{"embeddable":true,"href":"https:\/\/doc.epassages.ca\/index.php\/wp-json\/wp\/v2\/users\/1"}],"replies":[{"embeddable":true,"href":"https:\/\/doc.epassages.ca\/index.php\/wp-json\/wp\/v2\/comments?post=120"}],"version-history":[{"count":6,"href":"https:\/\/doc.epassages.ca\/index.php\/wp-json\/wp\/v2\/pages\/120\/revisions"}],"predecessor-version":[{"id":726,"href":"https:\/\/doc.epassages.ca\/index.php\/wp-json\/wp\/v2\/pages\/120\/revisions\/726"}],"wp:attachment":[{"href":"https:\/\/doc.epassages.ca\/index.php\/wp-json\/wp\/v2\/media?parent=120"}],"curies":[{"name":"wp","href":"https:\/\/api.w.org\/{rel}","templated":true}]}}