{"id":118,"date":"2022-01-11T15:37:44","date_gmt":"2022-01-11T19:37:44","guid":{"rendered":"https:\/\/doc.epassages.ca\/?page_id=118"},"modified":"2022-09-10T08:33:23","modified_gmt":"2022-09-10T13:33:23","slug":"lediteur","status":"publish","type":"page","link":"https:\/\/doc.epassages.ca\/index.php\/lediteur\/","title":{"rendered":"4. L&rsquo;\u00e9diteur"},"content":{"rendered":"\n<p class=\"has-text-align-center\"><em>L&rsquo;\u00e9diteur constitue le coeur du portfolio, l\u00e0 o\u00f9 vous ferez l&rsquo;essentiel de votre travail. Il contient 4 onglets :<\/em><\/p>\n\n\n\n<div class=\"wp-block-columns are-vertically-aligned-center is-layout-flex wp-container-core-columns-is-layout-9d6595d7 wp-block-columns-is-layout-flex\">\n<div class=\"wp-block-column is-vertically-aligned-center is-layout-flow wp-block-column-is-layout-flow\" style=\"flex-basis:100%\">\n<ul class=\"has-text-color wp-block-list\" style=\"color:#213882\"><li>Pertinence de la r\u00e9alisation<\/li><li>\u00c9l\u00e9ments cl\u00e9s de la r\u00e9alisation<\/li><li>D\u00e9roulement de la r\u00e9alisation<\/li><li>R\u00e9sum\u00e9<\/li><\/ul>\n<\/div>\n<\/div>\n\n\n\n<p class=\"has-text-align-center\">Chaque fen\u00eatre de l&rsquo;\u00e9diteur tient le compte du nombre de mots utilis\u00e9s.<\/p>\n\n\n<div class=\"wp-block-image\">\n<figure class=\"aligncenter\"><img decoding=\"async\" src=\"https:\/\/epassages.ca\/static\/screenshots\/editor_tab_reason_sm.png\" alt=\"\"\/><\/figure>\n<\/div>\n\n<div class=\"wp-block-image\">\n<figure class=\"aligncenter\"><img decoding=\"async\" src=\"https:\/\/epassages.ca\/static\/screenshots\/editor_tab_key_sm.png\" alt=\"\"\/><\/figure>\n<\/div>\n\n\n<p class=\"has-text-align-center\">******************<\/p>\n\n\n\n<p class=\"has-text-align-center\">L&rsquo;onglet <strong>r\u00e9sum\u00e9<\/strong> permet de voir tous les attributs associ\u00e9s au texte.<\/p>\n\n\n\n<p class=\"has-text-align-center\">Il permet \u00e9galement de faire des op\u00e9rations sur la r\u00e9alisation :<\/p>\n\n\n\n<ul class=\"has-text-color wp-block-list\" style=\"color:#213882\"><li>Changer le num\u00e9ro de la r\u00e9alisation<\/li><li>Renommer la r\u00e9alisation<\/li><li>D\u00e9finir la comp\u00e9tence cibl\u00e9e<\/li><li>Supprimer la r\u00e9alisation<\/li><li>Enregistrer une version et la soumettre pour r\u00e9vision<\/li><\/ul>\n\n\n<div class=\"wp-block-image\">\n<figure class=\"alignleft\"><img decoding=\"async\" src=\"https:\/\/epassages.ca\/static\/screenshots\/editor_tab_resume_sm.png\" alt=\"\"\/><\/figure>\n<\/div>\n\n\n<p class=\"has-text-align-center\">L&rsquo;enregistrement peut \u00eatre fait avec le bouton \u00e0 cet effet ou en utilisant les combinaisons de touches habituelles :<\/p>\n\n\n\n<ul class=\"has-text-color wp-block-list\" style=\"color:#213882\"><li>ctrl-s (Linux et Windows)<\/li><li>cmd-s (Mac)<\/li><\/ul>\n\n\n\n<p class=\"has-text-align-center\">******************<\/p>\n\n\n\n<p class=\"has-text-align-center\"><em>Un enregistrement r\u00e9ussi est signal\u00e9 via une alerte verte.<\/em><\/p>\n\n\n<div class=\"wp-block-image\">\n<figure class=\"aligncenter\"><img decoding=\"async\" src=\"https:\/\/epassages.ca\/static\/screenshots\/editor_save_sm.png\" alt=\"\"\/><\/figure>\n<\/div>\n\n\n<p class=\"has-text-align-center\">******************<\/p>\n\n\n\n<p class=\"has-text-align-center\"><em>Un enregistrement qui \u00e9choue est signal\u00e9 via une alerte rouge qui p\u00e9cise l&rsquo;erreur rencontr\u00e9e (voir les&nbsp;<a href=\"https:\/\/epassages.ca\/functions.html#tags\">\u00e9tiquettes<\/a>).<\/em><\/p>\n\n\n<div class=\"wp-block-image\">\n<figure class=\"aligncenter\"><img decoding=\"async\" src=\"https:\/\/epassages.ca\/static\/screenshots\/editor_save_fail_sm.png\" alt=\"\"\/><\/figure>\n<\/div>\n\n\n<p class=\"has-text-align-center\">******************<\/p>\n\n\n\n<p class=\"has-text-align-center\">L&rsquo;\u00e9diteur fonctionne avec les extensions d&rsquo;aide \u00e0 la correction tels que Antidote ou&nbsp;<a href=\"https:\/\/www.scribens.fr\/\">Scribens<\/a>&nbsp;(voir la section sur l&rsquo;int\u00e9gration dans les applications)<\/p>\n\n\n<div class=\"wp-block-image\">\n<figure class=\"aligncenter\"><img decoding=\"async\" src=\"https:\/\/epassages.ca\/static\/screenshots\/editor_scribens_sm.png\" alt=\"\"\/><\/figure>\n<\/div>","protected":false},"excerpt":{"rendered":"<p>L&rsquo;\u00e9diteur constitue le coeur du portfolio, l\u00e0 o\u00f9 vous ferez l&rsquo;essentiel de votre travail. Il contient 4 onglets : Pertinence de la r\u00e9alisation \u00c9l\u00e9ments cl\u00e9s&#8230;<\/p>\n<div class=\"more-link-wrapper\"><a class=\"more-link\" href=\"https:\/\/doc.epassages.ca\/index.php\/lediteur\/\">Continue reading<span class=\"screen-reader-text\">4. L&rsquo;\u00e9diteur<\/span><\/a><\/div>\n","protected":false},"author":1,"featured_media":0,"parent":0,"menu_order":0,"comment_status":"closed","ping_status":"closed","template":"","meta":{"footnotes":""},"class_list":["post-118","page","type-page","status-publish","hentry","entry"],"_links":{"self":[{"href":"https:\/\/doc.epassages.ca\/index.php\/wp-json\/wp\/v2\/pages\/118","targetHints":{"allow":["GET"]}}],"collection":[{"href":"https:\/\/doc.epassages.ca\/index.php\/wp-json\/wp\/v2\/pages"}],"about":[{"href":"https:\/\/doc.epassages.ca\/index.php\/wp-json\/wp\/v2\/types\/page"}],"author":[{"embeddable":true,"href":"https:\/\/doc.epassages.ca\/index.php\/wp-json\/wp\/v2\/users\/1"}],"replies":[{"embeddable":true,"href":"https:\/\/doc.epassages.ca\/index.php\/wp-json\/wp\/v2\/comments?post=118"}],"version-history":[{"count":9,"href":"https:\/\/doc.epassages.ca\/index.php\/wp-json\/wp\/v2\/pages\/118\/revisions"}],"predecessor-version":[{"id":634,"href":"https:\/\/doc.epassages.ca\/index.php\/wp-json\/wp\/v2\/pages\/118\/revisions\/634"}],"wp:attachment":[{"href":"https:\/\/doc.epassages.ca\/index.php\/wp-json\/wp\/v2\/media?parent=118"}],"curies":[{"name":"wp","href":"https:\/\/api.w.org\/{rel}","templated":true}]}}